{"id":4359,"date":"2025-09-15T09:28:31","date_gmt":"2025-09-15T07:28:31","guid":{"rendered":"https:\/\/www.delamode-baltics.com\/?page_id=4359"},"modified":"2026-01-15T11:43:31","modified_gmt":"2026-01-15T09:43:31","slug":"terms-and-conditions","status":"publish","type":"page","link":"https:\/\/www.delamode-baltics.com\/en\/terms-and-conditions\/","title":{"rendered":"Terms and Conditions"},"content":{"rendered":"<div data-elementor-type=\"wp-page\" data-elementor-id=\"4359\" class=\"elementor elementor-4359\" data-elementor-post-type=\"page\">\n\t\t\t\t<div class=\"elementor-element elementor-element-d7c6f47 e-flex e-con-boxed e-con e-parent\" data-id=\"d7c6f47\" data-element_type=\"container\">\n\t\t\t\t\t<div class=\"e-con-inner\">\n\t\t\t\t<div class=\"elementor-element elementor-element-293644d elementor-widget elementor-widget-heading\" data-id=\"293644d\" data-element_type=\"widget\" data-widget_type=\"heading.default\">\n\t\t\t\t<div class=\"elementor-widget-container\">\n\t\t\t\t\t<h1 class=\"elementor-heading-title elementor-size-default\">Terms and Conditions<\/h1>\t\t\t\t<\/div>\n\t\t\t\t<\/div>\n\t\t\t\t<div class=\"elementor-element elementor-element-d9471cb elementor-widget elementor-widget-heading\" data-id=\"d9471cb\" data-element_type=\"widget\" data-widget_type=\"heading.default\">\n\t\t\t\t<div class=\"elementor-widget-container\">\n\t\t\t\t\t<h2 class=\"elementor-heading-title elementor-size-default\">General information<\/h2>\t\t\t\t<\/div>\n\t\t\t\t<\/div>\n\t\t\t\t\t<\/div>\n\t\t\t\t<\/div>\n\t\t<div class=\"elementor-element elementor-element-4577f16 e-flex e-con-boxed e-con e-parent\" data-id=\"4577f16\" data-element_type=\"container\">\n\t\t\t\t\t<div class=\"e-con-inner\">\n\t\t\t\t<div class=\"elementor-element elementor-element-d661ee0 elementor-widget elementor-widget-text-editor\" data-id=\"d661ee0\" data-element_type=\"widget\" data-widget_type=\"text-editor.default\">\n\t\t\t\t<div class=\"elementor-widget-container\">\n\t\t\t\t\t\t\t\t\t<p>This website is <strong>Delamode Baltics<\/strong> (\u201eDelamode\u201c, \u201ewe\u201c, \u201eus\u201c, \u201eour\u201c) website (the \"Site\").<\/p><p>The website is managed by UAB \u201c<strong>Delamode Baltics\u201d<\/strong>, legal entity code 300614485, whose registered office address is Naugarduko g. 98, LT-03160, Vilnius, Lithuania.<\/p><p>The purpose of these terms and conditions is to set out the rules for the use of the Website. By using the Site, you acknowledge that you have read, understood and agree to be bound by these Terms and Conditions. If you do not agree to these terms and conditions, please do not use the Site.<\/p>\t\t\t\t\t\t\t\t<\/div>\n\t\t\t\t<\/div>\n\t\t\t\t<div class=\"elementor-element elementor-element-48c6536 elementor-widget elementor-widget-heading\" data-id=\"48c6536\" data-element_type=\"widget\" data-widget_type=\"heading.default\">\n\t\t\t\t<div class=\"elementor-widget-container\">\n\t\t\t\t\t<h2 class=\"elementor-heading-title elementor-size-default\"><strong>Purpose of the website<\/strong><\/h2>\t\t\t\t<\/div>\n\t\t\t\t<\/div>\n\t\t\t\t<div class=\"elementor-element elementor-element-ae9a565 elementor-widget elementor-widget-text-editor\" data-id=\"ae9a565\" data-element_type=\"widget\" data-widget_type=\"text-editor.default\">\n\t\t\t\t<div class=\"elementor-widget-container\">\n\t\t\t\t\t\t\t\t\t<p>The website provides general information about Delamode Baltics' activities, logistics and freight forwarding services, solutions and the company. All information is provided for informational purposes only and does not constitute legal, financial or other professional advice.<\/p>\t\t\t\t\t\t\t\t<\/div>\n\t\t\t\t<\/div>\n\t\t\t\t<div class=\"elementor-element elementor-element-d3fc529 elementor-widget elementor-widget-heading\" data-id=\"d3fc529\" data-element_type=\"widget\" data-widget_type=\"heading.default\">\n\t\t\t\t<div class=\"elementor-widget-container\">\n\t\t\t\t\t<h2 class=\"elementor-heading-title elementor-size-default\"><strong>Intellectual property and copyright<\/strong><\/h2>\t\t\t\t<\/div>\n\t\t\t\t<\/div>\n\t\t\t\t<div class=\"elementor-element elementor-element-22b93ce elementor-widget elementor-widget-text-editor\" data-id=\"22b93ce\" data-element_type=\"widget\" data-widget_type=\"text-editor.default\">\n\t\t\t\t<div class=\"elementor-widget-container\">\n\t\t\t\t\t\t\t\t\t<p>All rights in the content on the Site (including text, logos, graphics, photographs, design, structure and databases) are owned by Delamode Baltics or are used under licence.<\/p><p>You may not copy, distribute, modify or use the content of the Site for commercial or other purposes without the prior written consent of Delamode Baltics.<\/p>\t\t\t\t\t\t\t\t<\/div>\n\t\t\t\t<\/div>\n\t\t\t\t<div class=\"elementor-element elementor-element-6811016 elementor-widget elementor-widget-heading\" data-id=\"6811016\" data-element_type=\"widget\" data-widget_type=\"heading.default\">\n\t\t\t\t<div class=\"elementor-widget-container\">\n\t\t\t\t\t<h2 class=\"elementor-heading-title elementor-size-default\"><strong>Limitation of liability<\/strong><\/h2>\t\t\t\t<\/div>\n\t\t\t\t<\/div>\n\t\t\t\t<div class=\"elementor-element elementor-element-b6b492a elementor-widget elementor-widget-text-editor\" data-id=\"b6b492a\" data-element_type=\"widget\" data-widget_type=\"text-editor.default\">\n\t\t\t\t<div class=\"elementor-widget-container\">\n\t\t\t\t\t\t\t\t\t<p>Although we make reasonable efforts to ensure that the information on the Website is accurate and up to date, <strong>not guaranteed<\/strong>, that it will always be error-free, complete or fit for purpose.<\/p><p>Delamode Baltics is not responsible for:<\/p><ul><li>any direct or indirect damages resulting from the use of the Website or the information contained therein;<\/li><li>Interruptions or temporary unavailability of the website.<\/li><\/ul>\t\t\t\t\t\t\t\t<\/div>\n\t\t\t\t<\/div>\n\t\t\t\t<div class=\"elementor-element elementor-element-268c951 elementor-widget elementor-widget-heading\" data-id=\"268c951\" data-element_type=\"widget\" data-widget_type=\"heading.default\">\n\t\t\t\t<div class=\"elementor-widget-container\">\n\t\t\t\t\t<h2 class=\"elementor-heading-title elementor-size-default\"><strong>Links to third party websites<\/strong><\/h2>\t\t\t\t<\/div>\n\t\t\t\t<\/div>\n\t\t\t\t<div class=\"elementor-element elementor-element-5dd56e0 elementor-widget elementor-widget-text-editor\" data-id=\"5dd56e0\" data-element_type=\"widget\" data-widget_type=\"text-editor.default\">\n\t\t\t\t<div class=\"elementor-widget-container\">\n\t\t\t\t\t\t\t\t\t<p>The Website may contain links to third party websites. These links are provided for information and convenience purposes only.<\/p><p>We:<\/p><ul><li>We do not control the content of third party websites;<\/li><li>we are not responsible for their privacy policies or practices;<\/li><li>We do not endorse their content or services.<\/li><\/ul>\t\t\t\t\t\t\t\t<\/div>\n\t\t\t\t<\/div>\n\t\t\t\t<div class=\"elementor-element elementor-element-7a56715 elementor-widget elementor-widget-heading\" data-id=\"7a56715\" data-element_type=\"widget\" data-widget_type=\"heading.default\">\n\t\t\t\t<div class=\"elementor-widget-container\">\n\t\t\t\t\t<h2 class=\"elementor-heading-title elementor-size-default\">Lack of inquiry and contractual relationship<\/h2>\t\t\t\t<\/div>\n\t\t\t\t<\/div>\n\t\t\t\t<div class=\"elementor-element elementor-element-95d3ad6 elementor-widget elementor-widget-text-editor\" data-id=\"95d3ad6\" data-element_type=\"widget\" data-widget_type=\"text-editor.default\">\n\t\t\t\t<div class=\"elementor-widget-container\">\n\t\t\t\t\t\t\t\t\t<p>Contact forms, enquiry forms or email addresses on the website are for <strong>for information requests only<\/strong>. Such requests <strong>does not create a contractual relationship<\/strong>, unless otherwise confirmed in writing by Delamode Baltics.<\/p><p>In the case of the provision of the Services, the separate Delamode Baltics Terms of Service and contractual terms and conditions shall apply and shall be agreed separately.<\/p>\t\t\t\t\t\t\t\t<\/div>\n\t\t\t\t<\/div>\n\t\t\t\t<div class=\"elementor-element elementor-element-faaa9f7 elementor-widget elementor-widget-heading\" data-id=\"faaa9f7\" data-element_type=\"widget\" data-widget_type=\"heading.default\">\n\t\t\t\t<div class=\"elementor-widget-container\">\n\t\t\t\t\t<h2 class=\"elementor-heading-title elementor-size-default\">Privacy and protection of personal data<\/h2>\t\t\t\t<\/div>\n\t\t\t\t<\/div>\n\t\t\t\t<div class=\"elementor-element elementor-element-32a488f elementor-widget elementor-widget-text-editor\" data-id=\"32a488f\" data-element_type=\"widget\" data-widget_type=\"text-editor.default\">\n\t\t\t\t<div class=\"elementor-widget-container\">\n\t\t\t\t\t\t\t\t\t<p>Personal data is processed in accordance with the applicable laws of the European Union and the Republic of Lithuania, including the General Data Protection Regulation (GDPR).<\/p><p>For full details, see <a href=\"https:\/\/www.delamode-baltics.com\/en\/privacy-policy\/\">Privacy Policy.<\/a><\/p><p>For data protection issues, you can contact:<br \/><span style=\"text-decoration: underline\">Email:<\/span> dataprotection@delamode-group.com<\/p>\t\t\t\t\t\t\t\t<\/div>\n\t\t\t\t<\/div>\n\t\t\t\t<div class=\"elementor-element elementor-element-3b57e3c elementor-widget elementor-widget-heading\" data-id=\"3b57e3c\" data-element_type=\"widget\" data-widget_type=\"heading.default\">\n\t\t\t\t<div class=\"elementor-widget-container\">\n\t\t\t\t\t<h2 class=\"elementor-heading-title elementor-size-default\"><strong>Changes to the Terms and Conditions<\/strong><\/h2>\t\t\t\t<\/div>\n\t\t\t\t<\/div>\n\t\t\t\t<div class=\"elementor-element elementor-element-8d34145 elementor-widget elementor-widget-text-editor\" data-id=\"8d34145\" data-element_type=\"widget\" data-widget_type=\"text-editor.default\">\n\t\t\t\t<div class=\"elementor-widget-container\">\n\t\t\t\t\t\t\t\t\t<p>Delamode Baltics reserves the right to change or update these Terms and Conditions at any time. Amendments shall be effective upon posting on the Site.<\/p><p>Your continued use of the Site after the changes have been posted shall be deemed to be acceptance of the updated terms.<\/p>\t\t\t\t\t\t\t\t<\/div>\n\t\t\t\t<\/div>\n\t\t\t\t<div class=\"elementor-element elementor-element-d1c6680 elementor-widget elementor-widget-heading\" data-id=\"d1c6680\" data-element_type=\"widget\" data-widget_type=\"heading.default\">\n\t\t\t\t<div class=\"elementor-widget-container\">\n\t\t\t\t\t<h2 class=\"elementor-heading-title elementor-size-default\"><strong>Applicable law and jurisdiction<\/strong><\/h2>\t\t\t\t<\/div>\n\t\t\t\t<\/div>\n\t\t\t\t<div class=\"elementor-element elementor-element-37cde82 elementor-widget elementor-widget-text-editor\" data-id=\"37cde82\" data-element_type=\"widget\" data-widget_type=\"text-editor.default\">\n\t\t\t\t<div class=\"elementor-widget-container\">\n\t\t\t\t\t\t\t\t\t<p>These Terms and Conditions and all disputes relating to the use of the Website shall be governed by the law of the Republic of Lithuania.<\/p><p>All disputes shall be settled in the courts of the Republic of Lithuania in the place where Delamode Baltics has its seat.<\/p>\t\t\t\t\t\t\t\t<\/div>\n\t\t\t\t<\/div>\n\t\t\t\t<div class=\"elementor-element elementor-element-3c9cf1c elementor-widget elementor-widget-heading\" data-id=\"3c9cf1c\" data-element_type=\"widget\" data-widget_type=\"heading.default\">\n\t\t\t\t<div class=\"elementor-widget-container\">\n\t\t\t\t\t<h2 class=\"elementor-heading-title elementor-size-default\">Contact information<\/h2>\t\t\t\t<\/div>\n\t\t\t\t<\/div>\n\t\t\t\t<div class=\"elementor-element elementor-element-477bfd2 elementor-widget elementor-widget-text-editor\" data-id=\"477bfd2\" data-element_type=\"widget\" data-widget_type=\"text-editor.default\">\n\t\t\t\t<div class=\"elementor-widget-container\">\n\t\t\t\t\t\t\t\t\t<p>If you have any questions, comments or complaints about the Site, these Terms and Conditions or the Privacy Policy, please contact us:<\/p><p><strong>Administration:<\/strong><br \/>Tel: +370 6 188 2931<br \/>E-mail: admin.lt@delamode-group.com<\/p>\t\t\t\t\t\t\t\t<\/div>\n\t\t\t\t<\/div>\n\t\t\t\t\t<\/div>\n\t\t\t\t<\/div>\n\t\t\t\t<\/div>","protected":false},"excerpt":{"rendered":"<p>Terms and Conditions General Information This website is the website of Delamode Baltics (\u201eDelamode\u201c, \u201ewe\u201c, \u201eus\u201c, \u201eour\u201c) (the \u201cSite\u201d). The Site is operated by Delamode Baltics UAB, legal entity code 300614485, whose registered office address is Naugarduko g. 98, LT-03160, Vilnius, Lithuania. The purpose of these terms and conditions is to set out the rules for the use of the Site. By using the Site, you acknowledge that you have read, [...]<\/p>","protected":false},"author":2,"featured_media":0,"parent":0,"menu_order":0,"comment_status":"closed","ping_status":"closed","template":"","meta":{"footnotes":""},"class_list":["post-4359","page","type-page","status-publish","hentry"],"blocksy_meta":{"has_hero_section":"disabled","styles_descriptor":{"styles":{"desktop":"","tablet":"","mobile":""},"google_fonts":[],"version":6}},"yoast_head":"<!-- This site is optimized with the Yoast SEO plugin v26.4 - https:\/\/yoast.com\/wordpress\/plugins\/seo\/ -->\n<title>Nuostatos ir s\u0105lygos - Delamode Baltics | Tarptautin\u0117 krovini\u0173 perve\u017eimo \u012fmon\u0117<\/title>\n<meta name=\"description\" content=\"Nuostatos ir salygos Delamode Baltics - taisykl\u0117s, reglamentuojan\u010dios svetain\u0117s naudojim\u0105 ir paslaug\u0173 teikim\u0105.\" \/>\n<meta name=\"robots\" content=\"index, follow, max-snippet:-1, max-image-preview:large, max-video-preview:-1\" \/>\n<link rel=\"canonical\" href=\"https:\/\/www.delamode-baltics.com\/en\/terms-and-conditions\/\" \/>\n<meta property=\"og:locale\" content=\"en_GB\" \/>\n<meta property=\"og:type\" content=\"article\" \/>\n<meta property=\"og:title\" content=\"Nuostatos ir s\u0105lygos - Delamode Baltics | Tarptautin\u0117 krovini\u0173 perve\u017eimo \u012fmon\u0117\" \/>\n<meta property=\"og:description\" content=\"Nuostatos ir salygos Delamode Baltics - taisykl\u0117s, reglamentuojan\u010dios svetain\u0117s naudojim\u0105 ir paslaug\u0173 teikim\u0105.\" \/>\n<meta property=\"og:url\" content=\"https:\/\/www.delamode-baltics.com\/en\/terms-and-conditions\/\" \/>\n<meta property=\"og:site_name\" content=\"Delamode Baltics\" \/>\n<meta property=\"article:modified_time\" content=\"2026-01-15T09:43:31+00:00\" \/>\n<meta name=\"twitter:card\" content=\"summary_large_image\" \/>\n<meta name=\"twitter:label1\" content=\"Estimated reading time\" \/>\n\t<meta name=\"twitter:data1\" content=\"3 minutes\" \/>\n<script type=\"application\/ld+json\" class=\"yoast-schema-graph\">{\"@context\":\"https:\/\/schema.org\",\"@graph\":[{\"@type\":\"WebPage\",\"@id\":\"https:\/\/www.delamode-baltics.com\/nuostatos-ir-salygos\/\",\"url\":\"https:\/\/www.delamode-baltics.com\/nuostatos-ir-salygos\/\",\"name\":\"Nuostatos ir s\u0105lygos - Delamode Baltics | Tarptautin\u0117 krovini\u0173 perve\u017eimo \u012fmon\u0117\",\"isPartOf\":{\"@id\":\"https:\/\/www.delamode-baltics.com\/lt\/#website\"},\"datePublished\":\"2025-09-15T07:28:31+00:00\",\"dateModified\":\"2026-01-15T09:43:31+00:00\",\"description\":\"Nuostatos ir salygos Delamode Baltics - taisykl\u0117s, reglamentuojan\u010dios svetain\u0117s naudojim\u0105 ir paslaug\u0173 teikim\u0105.\",\"breadcrumb\":{\"@id\":\"https:\/\/www.delamode-baltics.com\/nuostatos-ir-salygos\/#breadcrumb\"},\"inLanguage\":\"en-GB\",\"potentialAction\":[{\"@type\":\"ReadAction\",\"target\":[\"https:\/\/www.delamode-baltics.com\/nuostatos-ir-salygos\/\"]}]},{\"@type\":\"BreadcrumbList\",\"@id\":\"https:\/\/www.delamode-baltics.com\/nuostatos-ir-salygos\/#breadcrumb\",\"itemListElement\":[{\"@type\":\"ListItem\",\"position\":1,\"name\":\"Home\",\"item\":\"https:\/\/www.delamode-baltics.com\/\"},{\"@type\":\"ListItem\",\"position\":2,\"name\":\"Nuostatos ir s\u0105lygos\"}]},{\"@type\":\"WebSite\",\"@id\":\"https:\/\/www.delamode-baltics.com\/lt\/#website\",\"url\":\"https:\/\/www.delamode-baltics.com\/lt\/\",\"name\":\"Delamode Baltics\",\"description\":\"Delamode Baltics\",\"publisher\":{\"@id\":\"https:\/\/www.delamode-baltics.com\/lt\/#organization\"},\"potentialAction\":[{\"@type\":\"SearchAction\",\"target\":{\"@type\":\"EntryPoint\",\"urlTemplate\":\"https:\/\/www.delamode-baltics.com\/lt\/?s={search_term_string}\"},\"query-input\":{\"@type\":\"PropertyValueSpecification\",\"valueRequired\":true,\"valueName\":\"search_term_string\"}}],\"inLanguage\":\"en-GB\"},{\"@type\":\"Organization\",\"@id\":\"https:\/\/www.delamode-baltics.com\/lt\/#organization\",\"name\":\"Delamode Baltics\",\"url\":\"https:\/\/www.delamode-baltics.com\/lt\/\",\"logo\":{\"@type\":\"ImageObject\",\"inLanguage\":\"en-GB\",\"@id\":\"https:\/\/www.delamode-baltics.com\/lt\/#\/schema\/logo\/image\/\",\"url\":\"https:\/\/www.delamode-baltics.com\/wp-content\/uploads\/Untitled-design-15.png\",\"contentUrl\":\"https:\/\/www.delamode-baltics.com\/wp-content\/uploads\/Untitled-design-15.png\",\"width\":395,\"height\":112,\"caption\":\"Delamode Baltics\"},\"image\":{\"@id\":\"https:\/\/www.delamode-baltics.com\/lt\/#\/schema\/logo\/image\/\"}}]}<\/script>\n<!-- \/ Yoast SEO plugin. -->","yoast_head_json":{"title":"Terms and Conditions - Delamode Baltics | International freight forwarding company","description":"Delamode Baltics Terms and Conditions - these are the rules and regulations governing the use of the Website and the provision of the Services.","robots":{"index":"index","follow":"follow","max-snippet":"max-snippet:-1","max-image-preview":"max-image-preview:large","max-video-preview":"max-video-preview:-1"},"canonical":"https:\/\/www.delamode-baltics.com\/en\/terms-and-conditions\/","og_locale":"en_GB","og_type":"article","og_title":"Nuostatos ir s\u0105lygos - Delamode Baltics | Tarptautin\u0117 krovini\u0173 perve\u017eimo \u012fmon\u0117","og_description":"Nuostatos ir salygos Delamode Baltics - taisykl\u0117s, reglamentuojan\u010dios svetain\u0117s naudojim\u0105 ir paslaug\u0173 teikim\u0105.","og_url":"https:\/\/www.delamode-baltics.com\/en\/terms-and-conditions\/","og_site_name":"Delamode Baltics","article_modified_time":"2026-01-15T09:43:31+00:00","twitter_card":"summary_large_image","twitter_misc":{"Estimated reading time":"3 minutes"},"schema":{"@context":"https:\/\/schema.org","@graph":[{"@type":"WebPage","@id":"https:\/\/www.delamode-baltics.com\/nuostatos-ir-salygos\/","url":"https:\/\/www.delamode-baltics.com\/nuostatos-ir-salygos\/","name":"Terms and Conditions - Delamode Baltics | International freight forwarding company","isPartOf":{"@id":"https:\/\/www.delamode-baltics.com\/lt\/#website"},"datePublished":"2025-09-15T07:28:31+00:00","dateModified":"2026-01-15T09:43:31+00:00","description":"Delamode Baltics Terms and Conditions - these are the rules and regulations governing the use of the Website and the provision of the Services.","breadcrumb":{"@id":"https:\/\/www.delamode-baltics.com\/nuostatos-ir-salygos\/#breadcrumb"},"inLanguage":"en-GB","potentialAction":[{"@type":"ReadAction","target":["https:\/\/www.delamode-baltics.com\/nuostatos-ir-salygos\/"]}]},{"@type":"BreadcrumbList","@id":"https:\/\/www.delamode-baltics.com\/nuostatos-ir-salygos\/#breadcrumb","itemListElement":[{"@type":"ListItem","position":1,"name":"Home","item":"https:\/\/www.delamode-baltics.com\/"},{"@type":"ListItem","position":2,"name":"Nuostatos ir s\u0105lygos"}]},{"@type":"WebSite","@id":"https:\/\/www.delamode-baltics.com\/lt\/#website","url":"https:\/\/www.delamode-baltics.com\/lt\/","name":"Delamode Baltics","description":"Delamode Baltics","publisher":{"@id":"https:\/\/www.delamode-baltics.com\/lt\/#organization"},"potentialAction":[{"@type":"SearchAction","target":{"@type":"EntryPoint","urlTemplate":"https:\/\/www.delamode-baltics.com\/lt\/?s={search_term_string}"},"query-input":{"@type":"PropertyValueSpecification","valueRequired":true,"valueName":"search_term_string"}}],"inLanguage":"en-GB"},{"@type":"Organization","@id":"https:\/\/www.delamode-baltics.com\/lt\/#organization","name":"Delamode Baltics","url":"https:\/\/www.delamode-baltics.com\/lt\/","logo":{"@type":"ImageObject","inLanguage":"en-GB","@id":"https:\/\/www.delamode-baltics.com\/lt\/#\/schema\/logo\/image\/","url":"https:\/\/www.delamode-baltics.com\/wp-content\/uploads\/Untitled-design-15.png","contentUrl":"https:\/\/www.delamode-baltics.com\/wp-content\/uploads\/Untitled-design-15.png","width":395,"height":112,"caption":"Delamode Baltics"},"image":{"@id":"https:\/\/www.delamode-baltics.com\/lt\/#\/schema\/logo\/image\/"}}]}},"_links":{"self":[{"href":"https:\/\/www.delamode-baltics.com\/en\/wp-json\/wp\/v2\/pages\/4359","targetHints":{"allow":["GET"]}}],"collection":[{"href":"https:\/\/www.delamode-baltics.com\/en\/wp-json\/wp\/v2\/pages"}],"about":[{"href":"https:\/\/www.delamode-baltics.com\/en\/wp-json\/wp\/v2\/types\/page"}],"author":[{"embeddable":true,"href":"https:\/\/www.delamode-baltics.com\/en\/wp-json\/wp\/v2\/users\/2"}],"replies":[{"embeddable":true,"href":"https:\/\/www.delamode-baltics.com\/en\/wp-json\/wp\/v2\/comments?post=4359"}],"version-history":[{"count":22,"href":"https:\/\/www.delamode-baltics.com\/en\/wp-json\/wp\/v2\/pages\/4359\/revisions"}],"predecessor-version":[{"id":7402,"href":"https:\/\/www.delamode-baltics.com\/en\/wp-json\/wp\/v2\/pages\/4359\/revisions\/7402"}],"wp:attachment":[{"href":"https:\/\/www.delamode-baltics.com\/en\/wp-json\/wp\/v2\/media?parent=4359"}],"curies":[{"name":"wp","href":"https:\/\/api.w.org\/{rel}","templated":true}]}}