{"id":5473,"date":"2025-10-16T12:58:56","date_gmt":"2025-10-16T10:58:56","guid":{"rendered":"https:\/\/www.delamode-baltics.com\/?page_id=5473"},"modified":"2026-01-06T14:15:17","modified_gmt":"2026-01-06T12:15:17","slug":"news","status":"publish","type":"page","link":"https:\/\/www.delamode-baltics.com\/en\/news\/","title":{"rendered":"News"},"content":{"rendered":"<div data-elementor-type=\"wp-page\" data-elementor-id=\"5473\" class=\"elementor elementor-5473\" data-elementor-post-type=\"page\">\n\t\t\t\t<div class=\"elementor-element elementor-element-408c859 e-flex e-con-boxed e-con e-parent\" data-id=\"408c859\" data-element_type=\"container\">\n\t\t\t\t\t<div class=\"e-con-inner\">\n\t\t\t\t<div class=\"elementor-element elementor-element-ef62df1 elementor-widget elementor-widget-heading\" data-id=\"ef62df1\" data-element_type=\"widget\" data-widget_type=\"heading.default\">\n\t\t\t\t<div class=\"elementor-widget-container\">\n\t\t\t\t\t<h1 class=\"elementor-heading-title elementor-size-default\">News<\/h1>\t\t\t\t<\/div>\n\t\t\t\t<\/div>\n\t\t\t\t\t<\/div>\n\t\t\t\t<\/div>\n\t\t<div class=\"elementor-element elementor-element-b92908d e-flex e-con-boxed e-con e-parent\" data-id=\"b92908d\" data-element_type=\"container\">\n\t\t\t\t\t<div class=\"e-con-inner\">\n\t\t\t\t<div class=\"elementor-element elementor-element-f714a19 elementor-widget elementor-widget-text-editor\" data-id=\"f714a19\" data-element_type=\"widget\" data-widget_type=\"text-editor.default\">\n\t\t\t\t<div class=\"elementor-widget-container\">\n\t\t\t\t\t\t\t\t\t<p>Delamode Baltics News provides key updates on the company\u2019s operations,&nbsp;<a href=\"https:\/\/www.delamode-baltics.com\/en\/road-transport\/\" target=\"_blank\">services<\/a>projects, achievements, and the latest developments in the logistics and transport sectors&nbsp;<a href=\"https:\/\/www.delamode-baltics.com\/en\/freight-transportation-in-the-baltic-states\/\" target=\"_blank\">in Lithuania<\/a>&nbsp;and across international markets. Here, we share the most recent announcements relevant to our clients, partners, and everyone interested in the logistics industry.<\/p>\t\t\t\t\t\t\t\t<\/div>\n\t\t\t\t<\/div>\n\t\t\t\t\t<\/div>\n\t\t\t\t<\/div>\n\t\t<div class=\"elementor-element elementor-element-06813bd e-flex e-con-boxed e-con e-parent\" data-id=\"06813bd\" data-element_type=\"container\">\n\t\t\t\t\t<div class=\"e-con-inner\">\n\t\t\t\t<div class=\"elementor-element elementor-element-dba567f elementor-widget elementor-widget-shortcode\" data-id=\"dba567f\" data-element_type=\"widget\" data-widget_type=\"shortcode.default\">\n\t\t\t\t<div class=\"elementor-widget-container\">\n\t\t\t\t\t\t\t<div class=\"elementor-shortcode\">        <div class=\"naujienos-grid\">\r\n                        <article class=\"naujienos-item naujienos-item-featured\">\r\n                    <a class=\"naujienos-featured-media\" href=\"https:\/\/www.delamode-baltics.com\/en\/news-2\/freight-forwarding-reliable-organisation-of-freight-transport\/\">\r\n                        <img loading=\"lazy\" decoding=\"async\" width=\"1000\" height=\"628\" src=\"https:\/\/www.delamode-baltics.com\/wp-content\/uploads\/Straipsniu-virseliai_Delamode-4-1.png\" class=\"naujienos-featured-img wp-post-image\" alt=\"Freight forwarding Delamode Baltics\" srcset=\"https:\/\/www.delamode-baltics.com\/wp-content\/uploads\/Straipsniu-virseliai_Delamode-4-1.png 1000w, https:\/\/www.delamode-baltics.com\/wp-content\/uploads\/Straipsniu-virseliai_Delamode-4-1-300x188.png 300w, https:\/\/www.delamode-baltics.com\/wp-content\/uploads\/Straipsniu-virseliai_Delamode-4-1-768x482.png 768w, https:\/\/www.delamode-baltics.com\/wp-content\/uploads\/Straipsniu-virseliai_Delamode-4-1-18x12.png 18w\" sizes=\"auto, (max-width: 1000px) 100vw, 1000px\" \/>                    <\/a>\r\n\r\n                    <div class=\"naujienos-featured-body\">\r\n                        <h3 class=\"naujienos-title\">Freight Forwarding \u2013 Reliable Cargo Transportation Management\u00a0<\/h3>\r\n\r\n                        <div class=\"naujienos-excerpt\">\r\n                            Freight forwarding services are a key element of logistics for companies seeking smooth, controlled, and predictable cargo transportation. Professionally managed freight forwarding ensures that every stage of the logistics process\u2014from planning to final delivery\u2014is coordinated efficiently and runs seamlessly.\u00a0                        <\/div>\r\n\r\n                        <!-- CTA button (same \u201cfills full button\u201d hover idea as your form) -->\r\n                        <a class=\"val-news-cta\" href=\"https:\/\/www.delamode-baltics.com\/en\/news-2\/freight-forwarding-reliable-organisation-of-freight-transport\/\">\r\n                            <span class=\"val-news-cta-text\">READ MORE<\/span>\r\n                            <span class=\"val-news-cta-right\" aria-hidden=\"true\">\r\n                                <img decoding=\"async\" src=\"\/wp-content\/uploads\/Clip-path-group-1.svg\" alt=\"\">\r\n                            <\/span>\r\n                        <\/a>\r\n                    <\/div>\r\n\r\n                    <!-- Orbit dots (kept, around the FEATURED card border) -->\r\n                    <div class=\"val-orbit\" aria-hidden=\"true\">\r\n                        <span class=\"val-orbit-dot val-orbit-dot--big\"\r\n                              data-duration=\"20000\"\r\n                              data-offset=\"0\"\r\n                              data-direction=\"cw\"><\/span>\r\n\r\n                        <span class=\"val-orbit-dot val-orbit-dot--small\"\r\n                              data-duration=\"10000\"\r\n                              data-offset=\"0.5\"\r\n                              data-direction=\"ccw\"><\/span>\r\n                    <\/div>\r\n                <\/article>\r\n\r\n            \r\n                        <article class=\"naujienos-item\">\r\n                                            <a class=\"naujienos-image\" href=\"https:\/\/www.delamode-baltics.com\/en\/news-2\/christmas-freight-schedule-2025-2026\/\">\r\n                            <img loading=\"lazy\" decoding=\"async\" width=\"640\" height=\"420\" src=\"https:\/\/www.delamode-baltics.com\/wp-content\/uploads\/Straipsniu-virseliai_Delamode-4-640x420.png\" class=\"attachment-val-naujienos-card size-val-naujienos-card wp-post-image\" alt=\"Delamode Baltics christmas calendars of freights\" srcset=\"https:\/\/www.delamode-baltics.com\/wp-content\/uploads\/Straipsniu-virseliai_Delamode-4-640x420.png 640w, https:\/\/www.delamode-baltics.com\/wp-content\/uploads\/Straipsniu-virseliai_Delamode-4-18x12.png 18w\" sizes=\"auto, (max-width: 640px) 100vw, 640px\" \/>                        <\/a>\r\n                    \r\n                    <div class=\"naujienos-content\">\r\n                        <h3 class=\"naujienos-title\">Delamode Baltics Christmas 2025 Groupage Schedule: Import &amp; Export Dates from the Baltics<\/h3>\r\n\r\n                        <div class=\"naujienos-excerpt\">\r\n                            With the festive season approaching, Delamode Baltics ensures reliable and smooth freight movements across Europe. To help our customers plan their logistics efficiently, we are introducing the 2025...                        <\/div>\r\n\r\n                        <a class=\"val-news-cta val-news-cta--mini\" href=\"https:\/\/www.delamode-baltics.com\/en\/news-2\/christmas-freight-schedule-2025-2026\/\">\r\n                            <span class=\"val-news-cta-text\">READ MORE<\/span>\r\n                            <span class=\"val-news-cta-right\" aria-hidden=\"true\">\r\n                                <img decoding=\"async\" src=\"\/wp-content\/uploads\/Clip-path-group-1.svg\" alt=\"\">\r\n                            <\/span>\r\n                        <\/a>\r\n                    <\/div>\r\n                <\/article>\r\n            \r\n                        <article class=\"naujienos-item\">\r\n                                            <a class=\"naujienos-image\" href=\"https:\/\/www.delamode-baltics.com\/en\/news-2\/transport-and-logistics-leaders-delamode-baltics\/\">\r\n                            <img loading=\"lazy\" decoding=\"async\" width=\"640\" height=\"420\" src=\"https:\/\/www.delamode-baltics.com\/wp-content\/uploads\/Straipsniu-virseliai_Delamode-1-640x420.png\" class=\"attachment-val-naujienos-card size-val-naujienos-card wp-post-image\" alt=\"Delamode Baltics&#039; top ten leaders in the transport and logistics sector.\" srcset=\"https:\/\/www.delamode-baltics.com\/wp-content\/uploads\/Straipsniu-virseliai_Delamode-1-640x420.png 640w, https:\/\/www.delamode-baltics.com\/wp-content\/uploads\/Straipsniu-virseliai_Delamode-1-18x12.png 18w\" sizes=\"auto, (max-width: 640px) 100vw, 640px\" \/>                        <\/a>\r\n                    \r\n                    <div class=\"naujienos-content\">\r\n                        <h3 class=\"naujienos-title\">The Only Freight Forwarding and Logistics Company Among Lithuania\u2019s Transport Leaders\u00a0<\/h3>\r\n\r\n                        <div class=\"naujienos-excerpt\">\r\n                            The only freight forwarding and logistics company among Lithuania\u2019s transport leaders, Delamode Baltics, has been included in the top ten leaders of Lithuania\u2019s transport sector compiled by Verslo \u017einios. This is a significant recognition, demonstrating our\u2026                        <\/div>\r\n\r\n                        <a class=\"val-news-cta val-news-cta--mini\" href=\"https:\/\/www.delamode-baltics.com\/en\/news-2\/transport-and-logistics-leaders-delamode-baltics\/\">\r\n                            <span class=\"val-news-cta-text\">READ MORE<\/span>\r\n                            <span class=\"val-news-cta-right\" aria-hidden=\"true\">\r\n                                <img decoding=\"async\" src=\"\/wp-content\/uploads\/Clip-path-group-1.svg\" alt=\"\">\r\n                            <\/span>\r\n                        <\/a>\r\n                    <\/div>\r\n                <\/article>\r\n            \r\n                <\/div>\r\n        \n<\/div>\n\t\t\t\t\t\t<\/div>\n\t\t\t\t<\/div>\n\t\t\t\t\t<\/div>\n\t\t\t\t<\/div>\n\t\t\t\t<\/div>","protected":false},"excerpt":{"rendered":"<p>NEWS News Delamode Baltics - the most important information about the company's activities, services, projects, achievements and news in logistics and transport in Lithuania and internationally. Here we share the latest news relevant to our customers, partners and anyone interested in the logistics sector.<\/p>","protected":false},"author":2,"featured_media":7200,"parent":0,"menu_order":0,"comment_status":"closed","ping_status":"closed","template":"","meta":{"footnotes":""},"class_list":["post-5473","page","type-page","status-publish","has-post-thumbnail","hentry"],"blocksy_meta":[],"yoast_head":"<!-- This site is optimized with the Yoast SEO plugin v26.4 - https:\/\/yoast.com\/wordpress\/plugins\/seo\/ -->\n<title>Naujienos - Delamode Baltics | \u012emon\u0117s aktualijos, paslaugos, pasiekimai ir prane\u0161imai<\/title>\n<meta name=\"description\" content=\"Svarbiausios \u201eDelamode Baltics\u201c naujienos - \u012fmon\u0117s aktualijos, paslaugos, pasiekimai ir svarb\u016bs prane\u0161imai logistikos bei transporto srityse.\" \/>\n<meta name=\"robots\" content=\"index, follow, max-snippet:-1, max-image-preview:large, max-video-preview:-1\" \/>\n<link rel=\"canonical\" href=\"https:\/\/www.delamode-baltics.com\/en\/news\/\" \/>\n<meta property=\"og:locale\" content=\"en_GB\" \/>\n<meta property=\"og:type\" content=\"article\" \/>\n<meta property=\"og:title\" content=\"Naujienos - Delamode Baltics | \u012emon\u0117s aktualijos, paslaugos, pasiekimai ir prane\u0161imai\" \/>\n<meta property=\"og:description\" content=\"Svarbiausios \u201eDelamode Baltics\u201c naujienos - \u012fmon\u0117s aktualijos, paslaugos, pasiekimai ir svarb\u016bs prane\u0161imai logistikos bei transporto srityse.\" \/>\n<meta property=\"og:url\" content=\"https:\/\/www.delamode-baltics.com\/en\/news\/\" \/>\n<meta property=\"og:site_name\" content=\"Delamode Baltics\" \/>\n<meta property=\"article:modified_time\" content=\"2026-01-06T12:15:17+00:00\" \/>\n<meta property=\"og:image\" content=\"https:\/\/www.delamode-baltics.com\/wp-content\/uploads\/ai-generated-image-1765184905648.png\" \/>\n\t<meta property=\"og:image:width\" content=\"1344\" \/>\n\t<meta property=\"og:image:height\" content=\"768\" \/>\n\t<meta property=\"og:image:type\" content=\"image\/png\" \/>\n<meta name=\"twitter:card\" content=\"summary_large_image\" \/>\n<meta name=\"twitter:label1\" content=\"Estimated reading time\" \/>\n\t<meta name=\"twitter:data1\" content=\"1 minute\" \/>\n<script type=\"application\/ld+json\" class=\"yoast-schema-graph\">{\"@context\":\"https:\/\/schema.org\",\"@graph\":[{\"@type\":\"WebPage\",\"@id\":\"https:\/\/www.delamode-baltics.com\/delamode-naujienos\/\",\"url\":\"https:\/\/www.delamode-baltics.com\/delamode-naujienos\/\",\"name\":\"Naujienos - Delamode Baltics | \u012emon\u0117s aktualijos, paslaugos, pasiekimai ir prane\u0161imai\",\"isPartOf\":{\"@id\":\"https:\/\/www.delamode-baltics.com\/lt\/#website\"},\"primaryImageOfPage\":{\"@id\":\"https:\/\/www.delamode-baltics.com\/delamode-naujienos\/#primaryimage\"},\"image\":{\"@id\":\"https:\/\/www.delamode-baltics.com\/delamode-naujienos\/#primaryimage\"},\"thumbnailUrl\":\"https:\/\/www.delamode-baltics.com\/wp-content\/uploads\/ai-generated-image-1765184905648.png\",\"datePublished\":\"2025-10-16T10:58:56+00:00\",\"dateModified\":\"2026-01-06T12:15:17+00:00\",\"description\":\"Svarbiausios \u201eDelamode Baltics\u201c naujienos - \u012fmon\u0117s aktualijos, paslaugos, pasiekimai ir svarb\u016bs prane\u0161imai logistikos bei transporto srityse.\",\"breadcrumb\":{\"@id\":\"https:\/\/www.delamode-baltics.com\/delamode-naujienos\/#breadcrumb\"},\"inLanguage\":\"en-GB\",\"potentialAction\":[{\"@type\":\"ReadAction\",\"target\":[\"https:\/\/www.delamode-baltics.com\/delamode-naujienos\/\"]}]},{\"@type\":\"ImageObject\",\"inLanguage\":\"en-GB\",\"@id\":\"https:\/\/www.delamode-baltics.com\/delamode-naujienos\/#primaryimage\",\"url\":\"https:\/\/www.delamode-baltics.com\/wp-content\/uploads\/ai-generated-image-1765184905648.png\",\"contentUrl\":\"https:\/\/www.delamode-baltics.com\/wp-content\/uploads\/ai-generated-image-1765184905648.png\",\"width\":1344,\"height\":768,\"caption\":\"Delamode Baltics ekspedijavimo ir transportavimo lyderis Baltijos \u0161alyse teikia keli\u0173, oro, j\u016bros ir gele\u017einkelio perve\u017eimo paslaugas\"},{\"@type\":\"BreadcrumbList\",\"@id\":\"https:\/\/www.delamode-baltics.com\/delamode-naujienos\/#breadcrumb\",\"itemListElement\":[{\"@type\":\"ListItem\",\"position\":1,\"name\":\"Home\",\"item\":\"https:\/\/www.delamode-baltics.com\/\"},{\"@type\":\"ListItem\",\"position\":2,\"name\":\"Naujienos\"}]},{\"@type\":\"WebSite\",\"@id\":\"https:\/\/www.delamode-baltics.com\/lt\/#website\",\"url\":\"https:\/\/www.delamode-baltics.com\/lt\/\",\"name\":\"Delamode Baltics\",\"description\":\"Delamode Baltics\",\"publisher\":{\"@id\":\"https:\/\/www.delamode-baltics.com\/lt\/#organization\"},\"potentialAction\":[{\"@type\":\"SearchAction\",\"target\":{\"@type\":\"EntryPoint\",\"urlTemplate\":\"https:\/\/www.delamode-baltics.com\/lt\/?s={search_term_string}\"},\"query-input\":{\"@type\":\"PropertyValueSpecification\",\"valueRequired\":true,\"valueName\":\"search_term_string\"}}],\"inLanguage\":\"en-GB\"},{\"@type\":\"Organization\",\"@id\":\"https:\/\/www.delamode-baltics.com\/lt\/#organization\",\"name\":\"Delamode Baltics\",\"url\":\"https:\/\/www.delamode-baltics.com\/lt\/\",\"logo\":{\"@type\":\"ImageObject\",\"inLanguage\":\"en-GB\",\"@id\":\"https:\/\/www.delamode-baltics.com\/lt\/#\/schema\/logo\/image\/\",\"url\":\"https:\/\/www.delamode-baltics.com\/wp-content\/uploads\/Untitled-design-15.png\",\"contentUrl\":\"https:\/\/www.delamode-baltics.com\/wp-content\/uploads\/Untitled-design-15.png\",\"width\":395,\"height\":112,\"caption\":\"Delamode Baltics\"},\"image\":{\"@id\":\"https:\/\/www.delamode-baltics.com\/lt\/#\/schema\/logo\/image\/\"}}]}<\/script>\n<!-- \/ Yoast SEO plugin. -->","yoast_head_json":{"title":"News - Delamode Baltics | Company news, services, achievements and announcements","description":"Delamode Baltics highlights news about the company's news, services, achievements and important announcements in the logistics and transport sectors.","robots":{"index":"index","follow":"follow","max-snippet":"max-snippet:-1","max-image-preview":"max-image-preview:large","max-video-preview":"max-video-preview:-1"},"canonical":"https:\/\/www.delamode-baltics.com\/en\/news\/","og_locale":"en_GB","og_type":"article","og_title":"Naujienos - Delamode Baltics | \u012emon\u0117s aktualijos, paslaugos, pasiekimai ir prane\u0161imai","og_description":"Svarbiausios \u201eDelamode Baltics\u201c naujienos - \u012fmon\u0117s aktualijos, paslaugos, pasiekimai ir svarb\u016bs prane\u0161imai logistikos bei transporto srityse.","og_url":"https:\/\/www.delamode-baltics.com\/en\/news\/","og_site_name":"Delamode Baltics","article_modified_time":"2026-01-06T12:15:17+00:00","og_image":[{"width":1344,"height":768,"url":"https:\/\/www.delamode-baltics.com\/wp-content\/uploads\/ai-generated-image-1765184905648.png","type":"image\/png"}],"twitter_card":"summary_large_image","twitter_misc":{"Estimated reading time":"1 minute"},"schema":{"@context":"https:\/\/schema.org","@graph":[{"@type":"WebPage","@id":"https:\/\/www.delamode-baltics.com\/delamode-naujienos\/","url":"https:\/\/www.delamode-baltics.com\/delamode-naujienos\/","name":"News - Delamode Baltics | Company news, services, achievements and announcements","isPartOf":{"@id":"https:\/\/www.delamode-baltics.com\/lt\/#website"},"primaryImageOfPage":{"@id":"https:\/\/www.delamode-baltics.com\/delamode-naujienos\/#primaryimage"},"image":{"@id":"https:\/\/www.delamode-baltics.com\/delamode-naujienos\/#primaryimage"},"thumbnailUrl":"https:\/\/www.delamode-baltics.com\/wp-content\/uploads\/ai-generated-image-1765184905648.png","datePublished":"2025-10-16T10:58:56+00:00","dateModified":"2026-01-06T12:15:17+00:00","description":"Delamode Baltics highlights news about the company's news, services, achievements and important announcements in the logistics and transport sectors.","breadcrumb":{"@id":"https:\/\/www.delamode-baltics.com\/delamode-naujienos\/#breadcrumb"},"inLanguage":"en-GB","potentialAction":[{"@type":"ReadAction","target":["https:\/\/www.delamode-baltics.com\/delamode-naujienos\/"]}]},{"@type":"ImageObject","inLanguage":"en-GB","@id":"https:\/\/www.delamode-baltics.com\/delamode-naujienos\/#primaryimage","url":"https:\/\/www.delamode-baltics.com\/wp-content\/uploads\/ai-generated-image-1765184905648.png","contentUrl":"https:\/\/www.delamode-baltics.com\/wp-content\/uploads\/ai-generated-image-1765184905648.png","width":1344,"height":768,"caption":"Delamode Baltics ekspedijavimo ir transportavimo lyderis Baltijos \u0161alyse teikia keli\u0173, oro, j\u016bros ir gele\u017einkelio perve\u017eimo paslaugas"},{"@type":"BreadcrumbList","@id":"https:\/\/www.delamode-baltics.com\/delamode-naujienos\/#breadcrumb","itemListElement":[{"@type":"ListItem","position":1,"name":"Home","item":"https:\/\/www.delamode-baltics.com\/"},{"@type":"ListItem","position":2,"name":"Naujienos"}]},{"@type":"WebSite","@id":"https:\/\/www.delamode-baltics.com\/lt\/#website","url":"https:\/\/www.delamode-baltics.com\/lt\/","name":"Delamode Baltics","description":"Delamode Baltics","publisher":{"@id":"https:\/\/www.delamode-baltics.com\/lt\/#organization"},"potentialAction":[{"@type":"SearchAction","target":{"@type":"EntryPoint","urlTemplate":"https:\/\/www.delamode-baltics.com\/lt\/?s={search_term_string}"},"query-input":{"@type":"PropertyValueSpecification","valueRequired":true,"valueName":"search_term_string"}}],"inLanguage":"en-GB"},{"@type":"Organization","@id":"https:\/\/www.delamode-baltics.com\/lt\/#organization","name":"Delamode Baltics","url":"https:\/\/www.delamode-baltics.com\/lt\/","logo":{"@type":"ImageObject","inLanguage":"en-GB","@id":"https:\/\/www.delamode-baltics.com\/lt\/#\/schema\/logo\/image\/","url":"https:\/\/www.delamode-baltics.com\/wp-content\/uploads\/Untitled-design-15.png","contentUrl":"https:\/\/www.delamode-baltics.com\/wp-content\/uploads\/Untitled-design-15.png","width":395,"height":112,"caption":"Delamode Baltics"},"image":{"@id":"https:\/\/www.delamode-baltics.com\/lt\/#\/schema\/logo\/image\/"}}]}},"_hostinger_reach_plugin_has_subscription_block":false,"_hostinger_reach_plugin_is_elementor":false,"_links":{"self":[{"href":"https:\/\/www.delamode-baltics.com\/en\/wp-json\/wp\/v2\/pages\/5473","targetHints":{"allow":["GET"]}}],"collection":[{"href":"https:\/\/www.delamode-baltics.com\/en\/wp-json\/wp\/v2\/pages"}],"about":[{"href":"https:\/\/www.delamode-baltics.com\/en\/wp-json\/wp\/v2\/types\/page"}],"author":[{"embeddable":true,"href":"https:\/\/www.delamode-baltics.com\/en\/wp-json\/wp\/v2\/users\/2"}],"replies":[{"embeddable":true,"href":"https:\/\/www.delamode-baltics.com\/en\/wp-json\/wp\/v2\/comments?post=5473"}],"version-history":[{"count":56,"href":"https:\/\/www.delamode-baltics.com\/en\/wp-json\/wp\/v2\/pages\/5473\/revisions"}],"predecessor-version":[{"id":7273,"href":"https:\/\/www.delamode-baltics.com\/en\/wp-json\/wp\/v2\/pages\/5473\/revisions\/7273"}],"wp:featuredmedia":[{"embeddable":true,"href":"https:\/\/www.delamode-baltics.com\/en\/wp-json\/wp\/v2\/media\/7200"}],"wp:attachment":[{"href":"https:\/\/www.delamode-baltics.com\/en\/wp-json\/wp\/v2\/media?parent=5473"}],"curies":[{"name":"wp","href":"https:\/\/api.w.org\/{rel}","templated":true}]}}