{"id":7906,"date":"2026-02-17T11:36:07","date_gmt":"2026-02-17T09:36:07","guid":{"rendered":"https:\/\/www.delamode-baltics.com\/?page_id=7906"},"modified":"2026-02-18T10:55:13","modified_gmt":"2026-02-18T08:55:13","slug":"support","status":"publish","type":"page","link":"https:\/\/www.delamode-baltics.com\/en\/support\/","title":{"rendered":"Pretenzijos pateikimas"},"content":{"rendered":"<div data-elementor-type=\"wp-page\" data-elementor-id=\"7906\" class=\"elementor elementor-7906\" data-elementor-post-type=\"page\">\n\t\t\t\t<div class=\"elementor-element elementor-element-2d2c9de e-flex e-con-boxed e-con e-parent\" data-id=\"2d2c9de\" data-element_type=\"container\">\n\t\t\t\t\t<div class=\"e-con-inner\">\n\t\t\t\t<div class=\"elementor-element elementor-element-67ff60b elementor-widget elementor-widget-text-editor\" data-id=\"67ff60b\" data-element_type=\"widget\" data-widget_type=\"text-editor.default\">\n\t\t\t\t<div class=\"elementor-widget-container\">\n\t\t\t\t\t\t\t\t\t<h1><b>Customer Support<\/b><\/h1>\t\t\t\t\t\t\t\t<\/div>\n\t\t\t\t<\/div>\n\t\t\t\t\t<\/div>\n\t\t\t\t<\/div>\n\t\t<div class=\"elementor-element elementor-element-3119ae8 e-flex e-con-boxed e-con e-parent\" data-id=\"3119ae8\" data-element_type=\"container\">\n\t\t\t\t\t<div class=\"e-con-inner\">\n\t\t\t\t<div class=\"elementor-element elementor-element-be267c6 elementor-widget elementor-widget-heading\" data-id=\"be267c6\" data-element_type=\"widget\" data-widget_type=\"heading.default\">\n\t\t\t\t<div class=\"elementor-widget-container\">\n\t\t\t\t\t<h3 class=\"elementor-heading-title elementor-size-default\">Thank you for contacting us.<\/h3>\t\t\t\t<\/div>\n\t\t\t\t<\/div>\n\t\t\t\t<div class=\"elementor-element elementor-element-7baa696 elementor-widget elementor-widget-text-editor\" data-id=\"7baa696\" data-element_type=\"widget\" data-widget_type=\"text-editor.default\">\n\t\t\t\t<div class=\"elementor-widget-container\">\n\t\t\t\t\t\t\t\t\t<p data-start=\"97\" data-end=\"259\">Your request has been successfully registered and forwarded for review.<\/p><p data-start=\"97\" data-end=\"259\"><span style=\"font-family: inherit;font-size: inherit;font-style: inherit;font-weight: inherit\">We will get in touch with you within <\/span><strong>5\u20137 business days<span style=\"font-family: inherit;font-size: inherit;font-style: inherit\">.\u00a0<\/span><\/strong><span style=\"font-family: inherit;font-size: inherit;font-style: inherit;font-weight: inherit\">To help us assess the situation faster, we kindly ask you not to submit the same request again. If you have any additional information or questions, you can always contact the Delamode representative you communicated with during your shipment process.<\/span><\/p><p data-start=\"527\" data-end=\"577\">Thank you for your patience and cooperation.<\/p>\t\t\t\t\t\t\t\t<\/div>\n\t\t\t\t<\/div>\n\t\t\t\t\t<\/div>\n\t\t\t\t<\/div>\n\t\t\t\t<\/div>","protected":false},"excerpt":{"rendered":"<p>Pagalba klientams D\u0117kojame, kad susisiek\u0117te su mumis. J\u016bs\u0173 u\u017eklausa s\u0117kmingai u\u017eregistruota ir jau perduota nagrin\u0117jimui. Su Jumis susisieksime per 5\u20137 darbo dienas.\u00a0Kad gal\u0117tume grei\u010diau i\u0161nagrin\u0117ti situacij\u0105, maloniai pra\u0161ome to paties reikalavimo pakartotinai neteikti. Jei turite papildomos informacijos ar klausim\u0173 \u2013 visada galite susisiekti su Delamode kontaktiniu asmeniu, su kuriuo bendravote J\u016bs\u0173 krovinio perve\u017eimo metu. D\u0117kojame [&hellip;]<\/p>","protected":false},"author":2,"featured_media":7033,"parent":0,"menu_order":0,"comment_status":"closed","ping_status":"closed","template":"","meta":{"footnotes":""},"class_list":["post-7906","page","type-page","status-publish","has-post-thumbnail","hentry"],"blocksy_meta":{"vertical_spacing_source":"custom","content_area_spacing":"none","styles_descriptor":{"styles":{"desktop":"","tablet":"","mobile":""},"google_fonts":[],"version":6}},"yoast_head":"<!-- This site is optimized with the Yoast SEO plugin v26.4 - https:\/\/yoast.com\/wordpress\/plugins\/seo\/ -->\n<title>Pretenzijos pateikimas - Delamode Baltics<\/title>\n<meta name=\"description\" content=\"U\u017eklausos pateikimas Delamode Baltics. U\u017epildykite form\u0105, registruokite u\u017eklaus\u0105 ir m\u016bs\u0173 komanda su Jumis susisieks.\" \/>\n<meta name=\"robots\" content=\"index, follow, max-snippet:-1, max-image-preview:large, max-video-preview:-1\" \/>\n<link rel=\"canonical\" href=\"https:\/\/www.delamode-baltics.com\/en\/support\/\" \/>\n<meta property=\"og:locale\" content=\"en_GB\" \/>\n<meta property=\"og:type\" content=\"article\" \/>\n<meta property=\"og:title\" content=\"Pretenzijos pateikimas - Delamode Baltics\" \/>\n<meta property=\"og:description\" content=\"U\u017eklausos pateikimas Delamode Baltics. U\u017epildykite form\u0105, registruokite u\u017eklaus\u0105 ir m\u016bs\u0173 komanda su Jumis susisieks.\" \/>\n<meta property=\"og:url\" content=\"https:\/\/www.delamode-baltics.com\/en\/support\/\" \/>\n<meta property=\"og:site_name\" content=\"Delamode Baltics\" \/>\n<meta property=\"article:modified_time\" content=\"2026-02-18T08:55:13+00:00\" \/>\n<meta property=\"og:image\" content=\"https:\/\/www.delamode-baltics.com\/wp-content\/uploads\/Delamode-Baltics_krovinio-draudimas.png\" \/>\n\t<meta property=\"og:image:width\" content=\"1344\" \/>\n\t<meta property=\"og:image:height\" content=\"768\" \/>\n\t<meta property=\"og:image:type\" content=\"image\/png\" \/>\n<meta name=\"twitter:card\" content=\"summary_large_image\" \/>\n<meta name=\"twitter:label1\" content=\"Estimated reading time\" \/>\n\t<meta name=\"twitter:data1\" content=\"1 minute\" \/>\n<script type=\"application\/ld+json\" class=\"yoast-schema-graph\">{\"@context\":\"https:\/\/schema.org\",\"@graph\":[{\"@type\":\"WebPage\",\"@id\":\"https:\/\/www.delamode-baltics.com\/lt\/pagalba\/\",\"url\":\"https:\/\/www.delamode-baltics.com\/lt\/pagalba\/\",\"name\":\"Pretenzijos pateikimas - Delamode Baltics\",\"isPartOf\":{\"@id\":\"https:\/\/www.delamode-baltics.com\/lt\/#website\"},\"primaryImageOfPage\":{\"@id\":\"https:\/\/www.delamode-baltics.com\/lt\/pagalba\/#primaryimage\"},\"image\":{\"@id\":\"https:\/\/www.delamode-baltics.com\/lt\/pagalba\/#primaryimage\"},\"thumbnailUrl\":\"https:\/\/www.delamode-baltics.com\/wp-content\/uploads\/Delamode-Baltics_krovinio-draudimas.png\",\"datePublished\":\"2026-02-17T09:36:07+00:00\",\"dateModified\":\"2026-02-18T08:55:13+00:00\",\"description\":\"U\u017eklausos pateikimas Delamode Baltics. U\u017epildykite form\u0105, registruokite u\u017eklaus\u0105 ir m\u016bs\u0173 komanda su Jumis susisieks.\",\"breadcrumb\":{\"@id\":\"https:\/\/www.delamode-baltics.com\/lt\/pagalba\/#breadcrumb\"},\"inLanguage\":\"en-GB\",\"potentialAction\":[{\"@type\":\"ReadAction\",\"target\":[\"https:\/\/www.delamode-baltics.com\/lt\/pagalba\/\"]}]},{\"@type\":\"ImageObject\",\"inLanguage\":\"en-GB\",\"@id\":\"https:\/\/www.delamode-baltics.com\/lt\/pagalba\/#primaryimage\",\"url\":\"https:\/\/www.delamode-baltics.com\/wp-content\/uploads\/Delamode-Baltics_krovinio-draudimas.png\",\"contentUrl\":\"https:\/\/www.delamode-baltics.com\/wp-content\/uploads\/Delamode-Baltics_krovinio-draudimas.png\",\"width\":1344,\"height\":768,\"caption\":\"CMR ir papildomas krovinio draudimas j\u016bs\u0173 siunt\u0173 saugumui\"},{\"@type\":\"BreadcrumbList\",\"@id\":\"https:\/\/www.delamode-baltics.com\/lt\/pagalba\/#breadcrumb\",\"itemListElement\":[{\"@type\":\"ListItem\",\"position\":1,\"name\":\"Home\",\"item\":\"https:\/\/www.delamode-baltics.com\/\"},{\"@type\":\"ListItem\",\"position\":2,\"name\":\"Pretenzijos pateikimas\"}]},{\"@type\":\"WebSite\",\"@id\":\"https:\/\/www.delamode-baltics.com\/lt\/#website\",\"url\":\"https:\/\/www.delamode-baltics.com\/lt\/\",\"name\":\"Delamode Baltics\",\"description\":\"Delamode Baltics\",\"publisher\":{\"@id\":\"https:\/\/www.delamode-baltics.com\/lt\/#organization\"},\"potentialAction\":[{\"@type\":\"SearchAction\",\"target\":{\"@type\":\"EntryPoint\",\"urlTemplate\":\"https:\/\/www.delamode-baltics.com\/lt\/?s={search_term_string}\"},\"query-input\":{\"@type\":\"PropertyValueSpecification\",\"valueRequired\":true,\"valueName\":\"search_term_string\"}}],\"inLanguage\":\"en-GB\"},{\"@type\":\"Organization\",\"@id\":\"https:\/\/www.delamode-baltics.com\/lt\/#organization\",\"name\":\"Delamode Baltics\",\"url\":\"https:\/\/www.delamode-baltics.com\/lt\/\",\"logo\":{\"@type\":\"ImageObject\",\"inLanguage\":\"en-GB\",\"@id\":\"https:\/\/www.delamode-baltics.com\/lt\/#\/schema\/logo\/image\/\",\"url\":\"https:\/\/www.delamode-baltics.com\/wp-content\/uploads\/Untitled-design-15.png\",\"contentUrl\":\"https:\/\/www.delamode-baltics.com\/wp-content\/uploads\/Untitled-design-15.png\",\"width\":395,\"height\":112,\"caption\":\"Delamode Baltics\"},\"image\":{\"@id\":\"https:\/\/www.delamode-baltics.com\/lt\/#\/schema\/logo\/image\/\"}}]}<\/script>\n<!-- \/ Yoast SEO plugin. -->","yoast_head_json":{"title":"Pretenzijos pateikimas - Delamode Baltics","description":"U\u017eklausos pateikimas Delamode Baltics. U\u017epildykite form\u0105, registruokite u\u017eklaus\u0105 ir m\u016bs\u0173 komanda su Jumis susisieks.","robots":{"index":"index","follow":"follow","max-snippet":"max-snippet:-1","max-image-preview":"max-image-preview:large","max-video-preview":"max-video-preview:-1"},"canonical":"https:\/\/www.delamode-baltics.com\/en\/support\/","og_locale":"en_GB","og_type":"article","og_title":"Pretenzijos pateikimas - Delamode Baltics","og_description":"U\u017eklausos pateikimas Delamode Baltics. U\u017epildykite form\u0105, registruokite u\u017eklaus\u0105 ir m\u016bs\u0173 komanda su Jumis susisieks.","og_url":"https:\/\/www.delamode-baltics.com\/en\/support\/","og_site_name":"Delamode Baltics","article_modified_time":"2026-02-18T08:55:13+00:00","og_image":[{"width":1344,"height":768,"url":"https:\/\/www.delamode-baltics.com\/wp-content\/uploads\/Delamode-Baltics_krovinio-draudimas.png","type":"image\/png"}],"twitter_card":"summary_large_image","twitter_misc":{"Estimated reading time":"1 minute"},"schema":{"@context":"https:\/\/schema.org","@graph":[{"@type":"WebPage","@id":"https:\/\/www.delamode-baltics.com\/lt\/pagalba\/","url":"https:\/\/www.delamode-baltics.com\/lt\/pagalba\/","name":"Pretenzijos pateikimas - Delamode Baltics","isPartOf":{"@id":"https:\/\/www.delamode-baltics.com\/lt\/#website"},"primaryImageOfPage":{"@id":"https:\/\/www.delamode-baltics.com\/lt\/pagalba\/#primaryimage"},"image":{"@id":"https:\/\/www.delamode-baltics.com\/lt\/pagalba\/#primaryimage"},"thumbnailUrl":"https:\/\/www.delamode-baltics.com\/wp-content\/uploads\/Delamode-Baltics_krovinio-draudimas.png","datePublished":"2026-02-17T09:36:07+00:00","dateModified":"2026-02-18T08:55:13+00:00","description":"U\u017eklausos pateikimas Delamode Baltics. U\u017epildykite form\u0105, registruokite u\u017eklaus\u0105 ir m\u016bs\u0173 komanda su Jumis susisieks.","breadcrumb":{"@id":"https:\/\/www.delamode-baltics.com\/lt\/pagalba\/#breadcrumb"},"inLanguage":"en-GB","potentialAction":[{"@type":"ReadAction","target":["https:\/\/www.delamode-baltics.com\/lt\/pagalba\/"]}]},{"@type":"ImageObject","inLanguage":"en-GB","@id":"https:\/\/www.delamode-baltics.com\/lt\/pagalba\/#primaryimage","url":"https:\/\/www.delamode-baltics.com\/wp-content\/uploads\/Delamode-Baltics_krovinio-draudimas.png","contentUrl":"https:\/\/www.delamode-baltics.com\/wp-content\/uploads\/Delamode-Baltics_krovinio-draudimas.png","width":1344,"height":768,"caption":"CMR ir papildomas krovinio draudimas j\u016bs\u0173 siunt\u0173 saugumui"},{"@type":"BreadcrumbList","@id":"https:\/\/www.delamode-baltics.com\/lt\/pagalba\/#breadcrumb","itemListElement":[{"@type":"ListItem","position":1,"name":"Home","item":"https:\/\/www.delamode-baltics.com\/"},{"@type":"ListItem","position":2,"name":"Pretenzijos pateikimas"}]},{"@type":"WebSite","@id":"https:\/\/www.delamode-baltics.com\/lt\/#website","url":"https:\/\/www.delamode-baltics.com\/lt\/","name":"Delamode Baltics","description":"Delamode Baltics","publisher":{"@id":"https:\/\/www.delamode-baltics.com\/lt\/#organization"},"potentialAction":[{"@type":"SearchAction","target":{"@type":"EntryPoint","urlTemplate":"https:\/\/www.delamode-baltics.com\/lt\/?s={search_term_string}"},"query-input":{"@type":"PropertyValueSpecification","valueRequired":true,"valueName":"search_term_string"}}],"inLanguage":"en-GB"},{"@type":"Organization","@id":"https:\/\/www.delamode-baltics.com\/lt\/#organization","name":"Delamode Baltics","url":"https:\/\/www.delamode-baltics.com\/lt\/","logo":{"@type":"ImageObject","inLanguage":"en-GB","@id":"https:\/\/www.delamode-baltics.com\/lt\/#\/schema\/logo\/image\/","url":"https:\/\/www.delamode-baltics.com\/wp-content\/uploads\/Untitled-design-15.png","contentUrl":"https:\/\/www.delamode-baltics.com\/wp-content\/uploads\/Untitled-design-15.png","width":395,"height":112,"caption":"Delamode Baltics"},"image":{"@id":"https:\/\/www.delamode-baltics.com\/lt\/#\/schema\/logo\/image\/"}}]}},"_links":{"self":[{"href":"https:\/\/www.delamode-baltics.com\/en\/wp-json\/wp\/v2\/pages\/7906","targetHints":{"allow":["GET"]}}],"collection":[{"href":"https:\/\/www.delamode-baltics.com\/en\/wp-json\/wp\/v2\/pages"}],"about":[{"href":"https:\/\/www.delamode-baltics.com\/en\/wp-json\/wp\/v2\/types\/page"}],"author":[{"embeddable":true,"href":"https:\/\/www.delamode-baltics.com\/en\/wp-json\/wp\/v2\/users\/2"}],"replies":[{"embeddable":true,"href":"https:\/\/www.delamode-baltics.com\/en\/wp-json\/wp\/v2\/comments?post=7906"}],"version-history":[{"count":14,"href":"https:\/\/www.delamode-baltics.com\/en\/wp-json\/wp\/v2\/pages\/7906\/revisions"}],"predecessor-version":[{"id":7930,"href":"https:\/\/www.delamode-baltics.com\/en\/wp-json\/wp\/v2\/pages\/7906\/revisions\/7930"}],"wp:featuredmedia":[{"embeddable":true,"href":"https:\/\/www.delamode-baltics.com\/en\/wp-json\/wp\/v2\/media\/7033"}],"wp:attachment":[{"href":"https:\/\/www.delamode-baltics.com\/en\/wp-json\/wp\/v2\/media?parent=7906"}],"curies":[{"name":"wp","href":"https:\/\/api.w.org\/{rel}","templated":true}]}}