{"id":4359,"date":"2025-09-15T09:28:31","date_gmt":"2025-09-15T07:28:31","guid":{"rendered":"https:\/\/www.delamode-baltics.com\/?page_id=4359"},"modified":"2026-01-15T11:43:31","modified_gmt":"2026-01-15T09:43:31","slug":"zasady-i-warunki","status":"publish","type":"page","link":"https:\/\/www.delamode-baltics.com\/pl\/zasady-i-warunki\/","title":{"rendered":"Zasady i warunki"},"content":{"rendered":"<div data-elementor-type=\"wp-page\" data-elementor-id=\"4359\" class=\"elementor elementor-4359\" data-elementor-post-type=\"page\">\n\t\t\t\t<div class=\"elementor-element elementor-element-d7c6f47 e-flex e-con-boxed e-con e-parent\" data-id=\"d7c6f47\" data-element_type=\"container\">\n\t\t\t\t\t<div class=\"e-con-inner\">\n\t\t\t\t<div class=\"elementor-element elementor-element-293644d elementor-widget elementor-widget-heading\" data-id=\"293644d\" data-element_type=\"widget\" data-widget_type=\"heading.default\">\n\t\t\t\t<div class=\"elementor-widget-container\">\n\t\t\t\t\t<h1 class=\"elementor-heading-title elementor-size-default\">Zasady i warunki<\/h1>\t\t\t\t<\/div>\n\t\t\t\t<\/div>\n\t\t\t\t<div class=\"elementor-element elementor-element-d9471cb elementor-widget elementor-widget-heading\" data-id=\"d9471cb\" data-element_type=\"widget\" data-widget_type=\"heading.default\">\n\t\t\t\t<div class=\"elementor-widget-container\">\n\t\t\t\t\t<h2 class=\"elementor-heading-title elementor-size-default\">Informacje og\u00f3lne<\/h2>\t\t\t\t<\/div>\n\t\t\t\t<\/div>\n\t\t\t\t\t<\/div>\n\t\t\t\t<\/div>\n\t\t<div class=\"elementor-element elementor-element-4577f16 e-flex e-con-boxed e-con e-parent\" data-id=\"4577f16\" data-element_type=\"container\">\n\t\t\t\t\t<div class=\"e-con-inner\">\n\t\t\t\t<div class=\"elementor-element elementor-element-d661ee0 elementor-widget elementor-widget-text-editor\" data-id=\"d661ee0\" data-element_type=\"widget\" data-widget_type=\"text-editor.default\">\n\t\t\t\t<div class=\"elementor-widget-container\">\n\t\t\t\t\t\t\t\t\t<p>Ta strona jest <strong>Delamode Baltics<\/strong> (\u201eDelamode\u201c, \u201emy\u201c, \u201enas\u201c, \u201enasz\u201c) (\"Strona\").<\/p><p>Strona jest zarz\u0105dzana przez UAB \u201c<strong>Delamode Baltics\u201d<\/strong>, kod podmiotu prawnego 300614485, z siedzib\u0105 pod adresem Naugarduko g. 98, LT-03160, Wilno, Litwa.<\/p><p>Celem niniejszych warunk\u00f3w jest okre\u015blenie zasad korzystania z Witryny. Korzystaj\u0105c z Witryny, u\u017cytkownik potwierdza, \u017ce przeczyta\u0142, zrozumia\u0142 i zgadza si\u0119 przestrzega\u0107 niniejszych Warunk\u00f3w. Je\u015bli u\u017cytkownik nie wyra\u017ca zgody na niniejsze warunki, prosimy o niekorzystanie z Witryny.<\/p>\t\t\t\t\t\t\t\t<\/div>\n\t\t\t\t<\/div>\n\t\t\t\t<div class=\"elementor-element elementor-element-48c6536 elementor-widget elementor-widget-heading\" data-id=\"48c6536\" data-element_type=\"widget\" data-widget_type=\"heading.default\">\n\t\t\t\t<div class=\"elementor-widget-container\">\n\t\t\t\t\t<h2 class=\"elementor-heading-title elementor-size-default\"><strong>Cel strony internetowej<\/strong><\/h2>\t\t\t\t<\/div>\n\t\t\t\t<\/div>\n\t\t\t\t<div class=\"elementor-element elementor-element-ae9a565 elementor-widget elementor-widget-text-editor\" data-id=\"ae9a565\" data-element_type=\"widget\" data-widget_type=\"text-editor.default\">\n\t\t\t\t<div class=\"elementor-widget-container\">\n\t\t\t\t\t\t\t\t\t<p>Strona zawiera og\u00f3lne informacje o dzia\u0142alno\u015bci Delamode Baltics, us\u0142ugach logistycznych i spedycyjnych, rozwi\u0105zaniach i firmie. Wszystkie informacje s\u0105 dostarczane wy\u0142\u0105cznie w celach informacyjnych i nie stanowi\u0105 porady prawnej, finansowej ani innej profesjonalnej porady.<\/p>\t\t\t\t\t\t\t\t<\/div>\n\t\t\t\t<\/div>\n\t\t\t\t<div class=\"elementor-element elementor-element-d3fc529 elementor-widget elementor-widget-heading\" data-id=\"d3fc529\" data-element_type=\"widget\" data-widget_type=\"heading.default\">\n\t\t\t\t<div class=\"elementor-widget-container\">\n\t\t\t\t\t<h2 class=\"elementor-heading-title elementor-size-default\"><strong>W\u0142asno\u015b\u0107 intelektualna i prawa autorskie<\/strong><\/h2>\t\t\t\t<\/div>\n\t\t\t\t<\/div>\n\t\t\t\t<div class=\"elementor-element elementor-element-22b93ce elementor-widget elementor-widget-text-editor\" data-id=\"22b93ce\" data-element_type=\"widget\" data-widget_type=\"text-editor.default\">\n\t\t\t\t<div class=\"elementor-widget-container\">\n\t\t\t\t\t\t\t\t\t<p>Wszelkie prawa do tre\u015bci na Stronie (w tym tekstu, logo, grafiki, zdj\u0119\u0107, projektu, struktury i baz danych) s\u0105 w\u0142asno\u015bci\u0105 Delamode Baltics lub s\u0105 wykorzystywane na podstawie licencji.<\/p><p>U\u017cytkownik nie mo\u017ce kopiowa\u0107, rozpowszechnia\u0107, modyfikowa\u0107 ani wykorzystywa\u0107 zawarto\u015bci Strony do cel\u00f3w komercyjnych lub innych bez uprzedniej pisemnej zgody Delamode Baltics.<\/p>\t\t\t\t\t\t\t\t<\/div>\n\t\t\t\t<\/div>\n\t\t\t\t<div class=\"elementor-element elementor-element-6811016 elementor-widget elementor-widget-heading\" data-id=\"6811016\" data-element_type=\"widget\" data-widget_type=\"heading.default\">\n\t\t\t\t<div class=\"elementor-widget-container\">\n\t\t\t\t\t<h2 class=\"elementor-heading-title elementor-size-default\"><strong>Ograniczenie odpowiedzialno\u015bci<\/strong><\/h2>\t\t\t\t<\/div>\n\t\t\t\t<\/div>\n\t\t\t\t<div class=\"elementor-element elementor-element-b6b492a elementor-widget elementor-widget-text-editor\" data-id=\"b6b492a\" data-element_type=\"widget\" data-widget_type=\"text-editor.default\">\n\t\t\t\t<div class=\"elementor-widget-container\">\n\t\t\t\t\t\t\t\t\t<p>Chocia\u017c dok\u0142adamy uzasadnionych stara\u0144, aby informacje na Stronie by\u0142y dok\u0142adne i aktualne, <strong>nie gwarantowane<\/strong>, \u017ce zawsze b\u0119dzie wolny od b\u0142\u0119d\u00f3w, kompletny lub odpowiedni do celu.<\/p><p>Delamode Baltics nie ponosi odpowiedzialno\u015bci za:<\/p><ul><li>wszelkich bezpo\u015brednich lub po\u015brednich szk\u00f3d wynikaj\u0105cych z korzystania z Witryny lub zawartych w niej informacji;<\/li><li>Przerwy lub tymczasowa niedost\u0119pno\u015b\u0107 strony internetowej.<\/li><\/ul>\t\t\t\t\t\t\t\t<\/div>\n\t\t\t\t<\/div>\n\t\t\t\t<div class=\"elementor-element elementor-element-268c951 elementor-widget elementor-widget-heading\" data-id=\"268c951\" data-element_type=\"widget\" data-widget_type=\"heading.default\">\n\t\t\t\t<div class=\"elementor-widget-container\">\n\t\t\t\t\t<h2 class=\"elementor-heading-title elementor-size-default\"><strong>Linki do stron internetowych os\u00f3b trzecich<\/strong><\/h2>\t\t\t\t<\/div>\n\t\t\t\t<\/div>\n\t\t\t\t<div class=\"elementor-element elementor-element-5dd56e0 elementor-widget elementor-widget-text-editor\" data-id=\"5dd56e0\" data-element_type=\"widget\" data-widget_type=\"text-editor.default\">\n\t\t\t\t<div class=\"elementor-widget-container\">\n\t\t\t\t\t\t\t\t\t<p>Witryna mo\u017ce zawiera\u0107 \u0142\u0105cza do witryn internetowych os\u00f3b trzecich. \u0141\u0105cza te s\u0105 udost\u0119pniane wy\u0142\u0105cznie w celach informacyjnych i dla wygody.<\/p><p>My:<\/p><ul><li>Nie kontrolujemy zawarto\u015bci stron internetowych os\u00f3b trzecich;<\/li><li>nie ponosimy odpowiedzialno\u015bci za ich polityk\u0119 prywatno\u015bci lub praktyki;<\/li><li>Nie popieramy ich tre\u015bci ani us\u0142ug.<\/li><\/ul>\t\t\t\t\t\t\t\t<\/div>\n\t\t\t\t<\/div>\n\t\t\t\t<div class=\"elementor-element elementor-element-7a56715 elementor-widget elementor-widget-heading\" data-id=\"7a56715\" data-element_type=\"widget\" data-widget_type=\"heading.default\">\n\t\t\t\t<div class=\"elementor-widget-container\">\n\t\t\t\t\t<h2 class=\"elementor-heading-title elementor-size-default\">Brak zapytania i stosunku umownego<\/h2>\t\t\t\t<\/div>\n\t\t\t\t<\/div>\n\t\t\t\t<div class=\"elementor-element elementor-element-95d3ad6 elementor-widget elementor-widget-text-editor\" data-id=\"95d3ad6\" data-element_type=\"widget\" data-widget_type=\"text-editor.default\">\n\t\t\t\t<div class=\"elementor-widget-container\">\n\t\t\t\t\t\t\t\t\t<p>Formularze kontaktowe, formularze zapyta\u0144 lub adresy e-mail na stronie internetowej s\u0142u\u017c\u0105 do <strong>wy\u0142\u0105cznie do cel\u00f3w informacyjnych<\/strong>. Takie \u017c\u0105dania <strong>nie tworzy stosunku umownego<\/strong>, chyba \u017ce Delamode Baltics potwierdzi inaczej na pi\u015bmie.<\/p><p>W przypadku \u015bwiadczenia Us\u0142ug zastosowanie maj\u0105 odr\u0119bne Warunki \u015bwiadczenia us\u0142ug Delamode Baltics oraz warunki umowne, kt\u00f3re nale\u017cy uzgodni\u0107 osobno.<\/p>\t\t\t\t\t\t\t\t<\/div>\n\t\t\t\t<\/div>\n\t\t\t\t<div class=\"elementor-element elementor-element-faaa9f7 elementor-widget elementor-widget-heading\" data-id=\"faaa9f7\" data-element_type=\"widget\" data-widget_type=\"heading.default\">\n\t\t\t\t<div class=\"elementor-widget-container\">\n\t\t\t\t\t<h2 class=\"elementor-heading-title elementor-size-default\">Prywatno\u015b\u0107 i ochrona danych osobowych<\/h2>\t\t\t\t<\/div>\n\t\t\t\t<\/div>\n\t\t\t\t<div class=\"elementor-element elementor-element-32a488f elementor-widget elementor-widget-text-editor\" data-id=\"32a488f\" data-element_type=\"widget\" data-widget_type=\"text-editor.default\">\n\t\t\t\t<div class=\"elementor-widget-container\">\n\t\t\t\t\t\t\t\t\t<p>Dane osobowe s\u0105 przetwarzane zgodnie z obowi\u0105zuj\u0105cymi przepisami prawa Unii Europejskiej i Republiki Litewskiej, w tym zgodnie z og\u00f3lnym rozporz\u0105dzeniem o ochronie danych (RODO).<\/p><p>Szczeg\u00f3\u0142owe informacje mo\u017cna znale\u017a\u0107 na stronie <a href=\"https:\/\/www.delamode-baltics.com\/pl\/polityka-prywatnosci\/\">Polityka prywatno\u015bci.<\/a><\/p><p>W sprawach dotycz\u0105cych ochrony danych mo\u017cna kontaktowa\u0107 si\u0119 z<br \/><span style=\"text-decoration: underline\">E-mail:<\/span> dataprotection@delamode-group.com<\/p>\t\t\t\t\t\t\t\t<\/div>\n\t\t\t\t<\/div>\n\t\t\t\t<div class=\"elementor-element elementor-element-3b57e3c elementor-widget elementor-widget-heading\" data-id=\"3b57e3c\" data-element_type=\"widget\" data-widget_type=\"heading.default\">\n\t\t\t\t<div class=\"elementor-widget-container\">\n\t\t\t\t\t<h2 class=\"elementor-heading-title elementor-size-default\"><strong>Zmiany w Regulaminie<\/strong><\/h2>\t\t\t\t<\/div>\n\t\t\t\t<\/div>\n\t\t\t\t<div class=\"elementor-element elementor-element-8d34145 elementor-widget elementor-widget-text-editor\" data-id=\"8d34145\" data-element_type=\"widget\" data-widget_type=\"text-editor.default\">\n\t\t\t\t<div class=\"elementor-widget-container\">\n\t\t\t\t\t\t\t\t\t<p>Delamode Baltics zastrzega sobie prawo do zmiany lub aktualizacji niniejszych Warunk\u00f3w w dowolnym momencie. Zmiany wchodz\u0105 w \u017cycie z chwil\u0105 ich opublikowania w Witrynie.<\/p><p>Dalsze korzystanie z Witryny po opublikowaniu zmian b\u0119dzie uznawane za akceptacj\u0119 zaktualizowanych warunk\u00f3w.<\/p>\t\t\t\t\t\t\t\t<\/div>\n\t\t\t\t<\/div>\n\t\t\t\t<div class=\"elementor-element elementor-element-d1c6680 elementor-widget elementor-widget-heading\" data-id=\"d1c6680\" data-element_type=\"widget\" data-widget_type=\"heading.default\">\n\t\t\t\t<div class=\"elementor-widget-container\">\n\t\t\t\t\t<h2 class=\"elementor-heading-title elementor-size-default\"><strong>Prawo w\u0142a\u015bciwe i jurysdykcja<\/strong><\/h2>\t\t\t\t<\/div>\n\t\t\t\t<\/div>\n\t\t\t\t<div class=\"elementor-element elementor-element-37cde82 elementor-widget elementor-widget-text-editor\" data-id=\"37cde82\" data-element_type=\"widget\" data-widget_type=\"text-editor.default\">\n\t\t\t\t<div class=\"elementor-widget-container\">\n\t\t\t\t\t\t\t\t\t<p>Niniejszy Regulamin oraz wszelkie spory zwi\u0105zane z korzystaniem z Witryny podlegaj\u0105 prawu Republiki Litewskiej.<\/p><p>Wszelkie spory b\u0119d\u0105 rozstrzygane przez s\u0105dy Republiki Litewskiej w miejscu, w kt\u00f3rym Delamode Baltics ma swoj\u0105 siedzib\u0119.<\/p>\t\t\t\t\t\t\t\t<\/div>\n\t\t\t\t<\/div>\n\t\t\t\t<div class=\"elementor-element elementor-element-3c9cf1c elementor-widget elementor-widget-heading\" data-id=\"3c9cf1c\" data-element_type=\"widget\" data-widget_type=\"heading.default\">\n\t\t\t\t<div class=\"elementor-widget-container\">\n\t\t\t\t\t<h2 class=\"elementor-heading-title elementor-size-default\">Informacje kontaktowe<\/h2>\t\t\t\t<\/div>\n\t\t\t\t<\/div>\n\t\t\t\t<div class=\"elementor-element elementor-element-477bfd2 elementor-widget elementor-widget-text-editor\" data-id=\"477bfd2\" data-element_type=\"widget\" data-widget_type=\"text-editor.default\">\n\t\t\t\t<div class=\"elementor-widget-container\">\n\t\t\t\t\t\t\t\t\t<p>W przypadku jakichkolwiek pyta\u0144, komentarzy lub skarg dotycz\u0105cych Witryny, niniejszych Warunk\u00f3w lub Polityki prywatno\u015bci, prosimy o kontakt:<\/p><p><strong>Administracja:<\/strong><br \/>Tel: +370 6 188 2931<br \/>E-mail: admin.lt@delamode-group.com<\/p>\t\t\t\t\t\t\t\t<\/div>\n\t\t\t\t<\/div>\n\t\t\t\t\t<\/div>\n\t\t\t\t<\/div>\n\t\t\t\t<\/div>","protected":false},"excerpt":{"rendered":"<p>Nuostatos ir s\u0105lygos Bendra informacija \u0160i svetain\u0117 yra Delamode Baltics (toliau \u2013 \u201eDelamode\u201c, \u201emes\u201c, \u201em\u016bs\u0173\u201c) interneto svetain\u0117 (toliau \u2013 \u201eSvetain\u0117\u201c). Svetain\u0119 valdo UAB \u201cDelamode Baltics\u201d, juridinio asmens kodas 300614485, kurios buvein\u0117s adresas yra Naugarduko g. 98, LT-03160, Vilnius, Lietuva. \u0160i\u0173 nuostat\u0173 ir s\u0105lyg\u0173 tikslas \u2013 nustatyti Svetain\u0117s naudojimo taisykles. Naudodamiesi Svetaine, j\u016bs patvirtinate, kad perskait\u0117te, [&hellip;]<\/p>","protected":false},"author":2,"featured_media":0,"parent":0,"menu_order":0,"comment_status":"closed","ping_status":"closed","template":"","meta":{"footnotes":""},"class_list":["post-4359","page","type-page","status-publish","hentry"],"blocksy_meta":{"has_hero_section":"disabled","styles_descriptor":{"styles":{"desktop":"","tablet":"","mobile":""},"google_fonts":[],"version":6}},"yoast_head":"<!-- This site is optimized with the Yoast SEO plugin v26.4 - https:\/\/yoast.com\/wordpress\/plugins\/seo\/ -->\n<title>Nuostatos ir s\u0105lygos - Delamode Baltics | Tarptautin\u0117 krovini\u0173 perve\u017eimo \u012fmon\u0117<\/title>\n<meta name=\"description\" content=\"Nuostatos ir salygos Delamode Baltics - taisykl\u0117s, reglamentuojan\u010dios svetain\u0117s naudojim\u0105 ir paslaug\u0173 teikim\u0105.\" \/>\n<meta name=\"robots\" content=\"index, follow, max-snippet:-1, max-image-preview:large, max-video-preview:-1\" \/>\n<link rel=\"canonical\" href=\"https:\/\/www.delamode-baltics.com\/pl\/zasady-i-warunki\/\" \/>\n<meta property=\"og:locale\" content=\"pl_PL\" \/>\n<meta property=\"og:type\" content=\"article\" \/>\n<meta property=\"og:title\" content=\"Nuostatos ir s\u0105lygos - Delamode Baltics | Tarptautin\u0117 krovini\u0173 perve\u017eimo \u012fmon\u0117\" \/>\n<meta property=\"og:description\" content=\"Nuostatos ir salygos Delamode Baltics - taisykl\u0117s, reglamentuojan\u010dios svetain\u0117s naudojim\u0105 ir paslaug\u0173 teikim\u0105.\" \/>\n<meta property=\"og:url\" content=\"https:\/\/www.delamode-baltics.com\/pl\/zasady-i-warunki\/\" \/>\n<meta property=\"og:site_name\" content=\"Delamode Baltics\" \/>\n<meta property=\"article:modified_time\" content=\"2026-01-15T09:43:31+00:00\" \/>\n<meta name=\"twitter:card\" content=\"summary_large_image\" \/>\n<meta name=\"twitter:label1\" content=\"Szacowany czas czytania\" \/>\n\t<meta name=\"twitter:data1\" content=\"3 minuty\" \/>\n<script type=\"application\/ld+json\" class=\"yoast-schema-graph\">{\"@context\":\"https:\/\/schema.org\",\"@graph\":[{\"@type\":\"WebPage\",\"@id\":\"https:\/\/www.delamode-baltics.com\/nuostatos-ir-salygos\/\",\"url\":\"https:\/\/www.delamode-baltics.com\/nuostatos-ir-salygos\/\",\"name\":\"Nuostatos ir s\u0105lygos - Delamode Baltics | Tarptautin\u0117 krovini\u0173 perve\u017eimo \u012fmon\u0117\",\"isPartOf\":{\"@id\":\"https:\/\/www.delamode-baltics.com\/lt\/#website\"},\"datePublished\":\"2025-09-15T07:28:31+00:00\",\"dateModified\":\"2026-01-15T09:43:31+00:00\",\"description\":\"Nuostatos ir salygos Delamode Baltics - taisykl\u0117s, reglamentuojan\u010dios svetain\u0117s naudojim\u0105 ir paslaug\u0173 teikim\u0105.\",\"breadcrumb\":{\"@id\":\"https:\/\/www.delamode-baltics.com\/nuostatos-ir-salygos\/#breadcrumb\"},\"inLanguage\":\"pl-PL\",\"potentialAction\":[{\"@type\":\"ReadAction\",\"target\":[\"https:\/\/www.delamode-baltics.com\/nuostatos-ir-salygos\/\"]}]},{\"@type\":\"BreadcrumbList\",\"@id\":\"https:\/\/www.delamode-baltics.com\/nuostatos-ir-salygos\/#breadcrumb\",\"itemListElement\":[{\"@type\":\"ListItem\",\"position\":1,\"name\":\"Home\",\"item\":\"https:\/\/www.delamode-baltics.com\/\"},{\"@type\":\"ListItem\",\"position\":2,\"name\":\"Nuostatos ir s\u0105lygos\"}]},{\"@type\":\"WebSite\",\"@id\":\"https:\/\/www.delamode-baltics.com\/lt\/#website\",\"url\":\"https:\/\/www.delamode-baltics.com\/lt\/\",\"name\":\"Delamode Baltics\",\"description\":\"Delamode Baltics\",\"publisher\":{\"@id\":\"https:\/\/www.delamode-baltics.com\/lt\/#organization\"},\"potentialAction\":[{\"@type\":\"SearchAction\",\"target\":{\"@type\":\"EntryPoint\",\"urlTemplate\":\"https:\/\/www.delamode-baltics.com\/lt\/?s={search_term_string}\"},\"query-input\":{\"@type\":\"PropertyValueSpecification\",\"valueRequired\":true,\"valueName\":\"search_term_string\"}}],\"inLanguage\":\"pl-PL\"},{\"@type\":\"Organization\",\"@id\":\"https:\/\/www.delamode-baltics.com\/lt\/#organization\",\"name\":\"Delamode Baltics\",\"url\":\"https:\/\/www.delamode-baltics.com\/lt\/\",\"logo\":{\"@type\":\"ImageObject\",\"inLanguage\":\"pl-PL\",\"@id\":\"https:\/\/www.delamode-baltics.com\/lt\/#\/schema\/logo\/image\/\",\"url\":\"https:\/\/www.delamode-baltics.com\/wp-content\/uploads\/Untitled-design-15.png\",\"contentUrl\":\"https:\/\/www.delamode-baltics.com\/wp-content\/uploads\/Untitled-design-15.png\",\"width\":395,\"height\":112,\"caption\":\"Delamode Baltics\"},\"image\":{\"@id\":\"https:\/\/www.delamode-baltics.com\/lt\/#\/schema\/logo\/image\/\"}}]}<\/script>\n<!-- \/ Yoast SEO plugin. -->","yoast_head_json":{"title":"Regulamin - Delamode Baltics | Mi\u0119dzynarodowa firma spedycyjna","description":"Warunki Delamode Baltics - s\u0105 to zasady i przepisy reguluj\u0105ce korzystanie z Witryny i \u015bwiadczenie Us\u0142ug.","robots":{"index":"index","follow":"follow","max-snippet":"max-snippet:-1","max-image-preview":"max-image-preview:large","max-video-preview":"max-video-preview:-1"},"canonical":"https:\/\/www.delamode-baltics.com\/pl\/zasady-i-warunki\/","og_locale":"pl_PL","og_type":"article","og_title":"Nuostatos ir s\u0105lygos - Delamode Baltics | Tarptautin\u0117 krovini\u0173 perve\u017eimo \u012fmon\u0117","og_description":"Nuostatos ir salygos Delamode Baltics - taisykl\u0117s, reglamentuojan\u010dios svetain\u0117s naudojim\u0105 ir paslaug\u0173 teikim\u0105.","og_url":"https:\/\/www.delamode-baltics.com\/pl\/zasady-i-warunki\/","og_site_name":"Delamode Baltics","article_modified_time":"2026-01-15T09:43:31+00:00","twitter_card":"summary_large_image","twitter_misc":{"Szacowany czas czytania":"3 minuty"},"schema":{"@context":"https:\/\/schema.org","@graph":[{"@type":"WebPage","@id":"https:\/\/www.delamode-baltics.com\/nuostatos-ir-salygos\/","url":"https:\/\/www.delamode-baltics.com\/nuostatos-ir-salygos\/","name":"Regulamin - Delamode Baltics | Mi\u0119dzynarodowa firma spedycyjna","isPartOf":{"@id":"https:\/\/www.delamode-baltics.com\/lt\/#website"},"datePublished":"2025-09-15T07:28:31+00:00","dateModified":"2026-01-15T09:43:31+00:00","description":"Warunki Delamode Baltics - s\u0105 to zasady i przepisy reguluj\u0105ce korzystanie z Witryny i \u015bwiadczenie Us\u0142ug.","breadcrumb":{"@id":"https:\/\/www.delamode-baltics.com\/nuostatos-ir-salygos\/#breadcrumb"},"inLanguage":"pl-PL","potentialAction":[{"@type":"ReadAction","target":["https:\/\/www.delamode-baltics.com\/nuostatos-ir-salygos\/"]}]},{"@type":"BreadcrumbList","@id":"https:\/\/www.delamode-baltics.com\/nuostatos-ir-salygos\/#breadcrumb","itemListElement":[{"@type":"ListItem","position":1,"name":"Home","item":"https:\/\/www.delamode-baltics.com\/"},{"@type":"ListItem","position":2,"name":"Nuostatos ir s\u0105lygos"}]},{"@type":"WebSite","@id":"https:\/\/www.delamode-baltics.com\/lt\/#website","url":"https:\/\/www.delamode-baltics.com\/lt\/","name":"Delamode Baltics","description":"Delamode Baltics","publisher":{"@id":"https:\/\/www.delamode-baltics.com\/lt\/#organization"},"potentialAction":[{"@type":"SearchAction","target":{"@type":"EntryPoint","urlTemplate":"https:\/\/www.delamode-baltics.com\/lt\/?s={search_term_string}"},"query-input":{"@type":"PropertyValueSpecification","valueRequired":true,"valueName":"search_term_string"}}],"inLanguage":"pl-PL"},{"@type":"Organization","@id":"https:\/\/www.delamode-baltics.com\/lt\/#organization","name":"Delamode Baltics","url":"https:\/\/www.delamode-baltics.com\/lt\/","logo":{"@type":"ImageObject","inLanguage":"pl-PL","@id":"https:\/\/www.delamode-baltics.com\/lt\/#\/schema\/logo\/image\/","url":"https:\/\/www.delamode-baltics.com\/wp-content\/uploads\/Untitled-design-15.png","contentUrl":"https:\/\/www.delamode-baltics.com\/wp-content\/uploads\/Untitled-design-15.png","width":395,"height":112,"caption":"Delamode Baltics"},"image":{"@id":"https:\/\/www.delamode-baltics.com\/lt\/#\/schema\/logo\/image\/"}}]}},"_links":{"self":[{"href":"https:\/\/www.delamode-baltics.com\/pl\/wp-json\/wp\/v2\/pages\/4359","targetHints":{"allow":["GET"]}}],"collection":[{"href":"https:\/\/www.delamode-baltics.com\/pl\/wp-json\/wp\/v2\/pages"}],"about":[{"href":"https:\/\/www.delamode-baltics.com\/pl\/wp-json\/wp\/v2\/types\/page"}],"author":[{"embeddable":true,"href":"https:\/\/www.delamode-baltics.com\/pl\/wp-json\/wp\/v2\/users\/2"}],"replies":[{"embeddable":true,"href":"https:\/\/www.delamode-baltics.com\/pl\/wp-json\/wp\/v2\/comments?post=4359"}],"version-history":[{"count":22,"href":"https:\/\/www.delamode-baltics.com\/pl\/wp-json\/wp\/v2\/pages\/4359\/revisions"}],"predecessor-version":[{"id":7402,"href":"https:\/\/www.delamode-baltics.com\/pl\/wp-json\/wp\/v2\/pages\/4359\/revisions\/7402"}],"wp:attachment":[{"href":"https:\/\/www.delamode-baltics.com\/pl\/wp-json\/wp\/v2\/media?parent=4359"}],"curies":[{"name":"wp","href":"https:\/\/api.w.org\/{rel}","templated":true}]}}