{"id":5473,"date":"2025-10-16T12:58:56","date_gmt":"2025-10-16T10:58:56","guid":{"rendered":"https:\/\/www.delamode-baltics.com\/?page_id=5473"},"modified":"2026-01-06T14:15:17","modified_gmt":"2026-01-06T12:15:17","slug":"delamode-news","status":"publish","type":"page","link":"https:\/\/www.delamode-baltics.com\/pl\/delamode-news\/","title":{"rendered":"Aktualno\u015bci"},"content":{"rendered":"<div data-elementor-type=\"wp-page\" data-elementor-id=\"5473\" class=\"elementor elementor-5473\" data-elementor-post-type=\"page\">\n\t\t\t\t<div class=\"elementor-element elementor-element-408c859 e-flex e-con-boxed e-con e-parent\" data-id=\"408c859\" data-element_type=\"container\">\n\t\t\t\t\t<div class=\"e-con-inner\">\n\t\t\t\t<div class=\"elementor-element elementor-element-ef62df1 elementor-widget elementor-widget-heading\" data-id=\"ef62df1\" data-element_type=\"widget\" data-widget_type=\"heading.default\">\n\t\t\t\t<div class=\"elementor-widget-container\">\n\t\t\t\t\t<h1 class=\"elementor-heading-title elementor-size-default\">Aktualno\u015bci<\/h1>\t\t\t\t<\/div>\n\t\t\t\t<\/div>\n\t\t\t\t\t<\/div>\n\t\t\t\t<\/div>\n\t\t<div class=\"elementor-element elementor-element-b92908d e-flex e-con-boxed e-con e-parent\" data-id=\"b92908d\" data-element_type=\"container\">\n\t\t\t\t\t<div class=\"e-con-inner\">\n\t\t\t\t<div class=\"elementor-element elementor-element-f714a19 elementor-widget elementor-widget-text-editor\" data-id=\"f714a19\" data-element_type=\"widget\" data-widget_type=\"text-editor.default\">\n\t\t\t\t<div class=\"elementor-widget-container\">\n\t\t\t\t\t\t\t\t\t<p>Aktualno\u015bci Delamode Baltics - najwa\u017cniejsze informacje o dzia\u0142alno\u015bci firmy,&nbsp;<a href=\"https:\/\/www.delamode-baltics.com\/pl\/transport-drogowy\/\" target=\"_blank\">us\u0142ugi<\/a>, projekty, osi\u0105gni\u0119cia i rozw\u00f3j w dziedzinie logistyki i transportu&nbsp;<a href=\"https:\/\/www.delamode-baltics.com\/pl\/transport-towarowy-na-wyspach-baltyckich\/\" target=\"_blank\">na Litwie<\/a>&nbsp;i na rynku mi\u0119dzynarodowym. Tutaj dzielimy si\u0119 najnowszymi wiadomo\u015bciami istotnymi dla naszych klient\u00f3w, partner\u00f3w i wszystkich zainteresowanych sektorem logistycznym.<\/p>\t\t\t\t\t\t\t\t<\/div>\n\t\t\t\t<\/div>\n\t\t\t\t\t<\/div>\n\t\t\t\t<\/div>\n\t\t<div class=\"elementor-element elementor-element-06813bd e-flex e-con-boxed e-con e-parent\" data-id=\"06813bd\" data-element_type=\"container\">\n\t\t\t\t\t<div class=\"e-con-inner\">\n\t\t\t\t<div class=\"elementor-element elementor-element-dba567f elementor-widget elementor-widget-shortcode\" data-id=\"dba567f\" data-element_type=\"widget\" data-widget_type=\"shortcode.default\">\n\t\t\t\t<div class=\"elementor-widget-container\">\n\t\t\t\t\t\t\t<div class=\"elementor-shortcode\">        <div class=\"naujienos-grid\">\r\n                        <article class=\"naujienos-item naujienos-item-featured\">\r\n                    <a class=\"naujienos-featured-media\" href=\"https:\/\/www.delamode-baltics.com\/pl\/aktualnosci\/spedycja-niezawodna-organizacja-transportu-towarow\/\">\r\n                        <img loading=\"lazy\" decoding=\"async\" width=\"1000\" height=\"628\" src=\"https:\/\/www.delamode-baltics.com\/wp-content\/uploads\/Straipsniu-virseliai_Delamode-4-1.png\" class=\"naujienos-featured-img wp-post-image\" alt=\"Spedycja Delamode Baltics\" srcset=\"https:\/\/www.delamode-baltics.com\/wp-content\/uploads\/Straipsniu-virseliai_Delamode-4-1.png 1000w, https:\/\/www.delamode-baltics.com\/wp-content\/uploads\/Straipsniu-virseliai_Delamode-4-1-300x188.png 300w, https:\/\/www.delamode-baltics.com\/wp-content\/uploads\/Straipsniu-virseliai_Delamode-4-1-768x482.png 768w, https:\/\/www.delamode-baltics.com\/wp-content\/uploads\/Straipsniu-virseliai_Delamode-4-1-18x12.png 18w\" sizes=\"auto, (max-width: 1000px) 100vw, 1000px\" \/>                    <\/a>\r\n\r\n                    <div class=\"naujienos-featured-body\">\r\n                        <h3 class=\"naujienos-title\">Spedycja. niezawodna organizacja transportu towar\u00f3w\u00a0<\/h3>\r\n\r\n                        <div class=\"naujienos-excerpt\">\r\n                            Us\u0142ugi spedycyjne s\u0105 wa\u017cn\u0105 cz\u0119\u015bci\u0105 logistyki dla firm poszukuj\u0105cych p\u0142ynnego, kontrolowanego i przewidywalnego transportu towar\u00f3w. Profesjonalnie zorganizowana spedycja zapewnia, \u017ce wszystkie etapy logistyki, od planowania do dostawy, przebiegaj\u0105 p\u0142ynnie i konsekwentnie.\u00a0                        <\/div>\r\n\r\n                        <!-- CTA button (same \u201cfills full button\u201d hover idea as your form) -->\r\n                        <a class=\"val-news-cta\" href=\"https:\/\/www.delamode-baltics.com\/pl\/aktualnosci\/spedycja-niezawodna-organizacja-transportu-towarow\/\">\r\n                            <span class=\"val-news-cta-text\">CZYTAJ WI\u0118CEJ<\/span>\r\n                            <span class=\"val-news-cta-right\" aria-hidden=\"true\">\r\n                                <img decoding=\"async\" src=\"\/wp-content\/uploads\/Clip-path-group-1.svg\" alt=\"\">\r\n                            <\/span>\r\n                        <\/a>\r\n                    <\/div>\r\n\r\n                    <!-- Orbit dots (kept, around the FEATURED card border) -->\r\n                    <div class=\"val-orbit\" aria-hidden=\"true\">\r\n                        <span class=\"val-orbit-dot val-orbit-dot--big\"\r\n                              data-duration=\"20000\"\r\n                              data-offset=\"0\"\r\n                              data-direction=\"cw\"><\/span>\r\n\r\n                        <span class=\"val-orbit-dot val-orbit-dot--small\"\r\n                              data-duration=\"10000\"\r\n                              data-offset=\"0.5\"\r\n                              data-direction=\"ccw\"><\/span>\r\n                    <\/div>\r\n                <\/article>\r\n\r\n            \r\n                        <article class=\"naujienos-item\">\r\n                                            <a class=\"naujienos-image\" href=\"https:\/\/www.delamode-baltics.com\/pl\/aktualnosci\/swiateczny-rozklad-jazdy-2025-2026\/\">\r\n                            <img loading=\"lazy\" decoding=\"async\" width=\"640\" height=\"420\" src=\"https:\/\/www.delamode-baltics.com\/wp-content\/uploads\/Straipsniu-virseliai_Delamode-4-640x420.png\" class=\"attachment-val-naujienos-card size-val-naujienos-card wp-post-image\" alt=\"\u015awi\u0105teczne kalendarze frachtowe Delamode Baltics\" srcset=\"https:\/\/www.delamode-baltics.com\/wp-content\/uploads\/Straipsniu-virseliai_Delamode-4-640x420.png 640w, https:\/\/www.delamode-baltics.com\/wp-content\/uploads\/Straipsniu-virseliai_Delamode-4-18x12.png 18w\" sizes=\"auto, (max-width: 640px) 100vw, 640px\" \/>                        <\/a>\r\n                    \r\n                    <div class=\"naujienos-content\">\r\n                        <h3 class=\"naujienos-title\">Delamode Baltics 2025 \u015awi\u0105teczny harmonogram przewoz\u00f3w towarowych: import i eksport z kraj\u00f3w ba\u0142tyckich<\/h3>\r\n\r\n                        <div class=\"naujienos-excerpt\">\r\n                            Wraz ze zbli\u017caj\u0105cym si\u0119 okresem \u015bwi\u0105tecznym, Delamode Baltics zapewnia niezawodny i p\u0142ynny transport towar\u00f3w w ca\u0142ej Europie. Aby pom\u00f3c naszym klientom w efektywnym planowaniu logistyki, wprowadzamy 2025...                        <\/div>\r\n\r\n                        <a class=\"val-news-cta val-news-cta--mini\" href=\"https:\/\/www.delamode-baltics.com\/pl\/aktualnosci\/swiateczny-rozklad-jazdy-2025-2026\/\">\r\n                            <span class=\"val-news-cta-text\">CZYTAJ WI\u0118CEJ<\/span>\r\n                            <span class=\"val-news-cta-right\" aria-hidden=\"true\">\r\n                                <img decoding=\"async\" src=\"\/wp-content\/uploads\/Clip-path-group-1.svg\" alt=\"\">\r\n                            <\/span>\r\n                        <\/a>\r\n                    <\/div>\r\n                <\/article>\r\n            \r\n                        <article class=\"naujienos-item\">\r\n                                            <a class=\"naujienos-image\" href=\"https:\/\/www.delamode-baltics.com\/pl\/aktualnosci\/liderzy-transportu-i-logistyki-delamode-baltyka\/\">\r\n                            <img loading=\"lazy\" decoding=\"async\" width=\"640\" height=\"420\" src=\"https:\/\/www.delamode-baltics.com\/wp-content\/uploads\/Straipsniu-virseliai_Delamode-1-640x420.png\" class=\"attachment-val-naujienos-card size-val-naujienos-card wp-post-image\" alt=\"Dziesi\u0119ciu najlepszych lider\u00f3w Delamode Baltics w sektorze transportu i logistyki.\" srcset=\"https:\/\/www.delamode-baltics.com\/wp-content\/uploads\/Straipsniu-virseliai_Delamode-1-640x420.png 640w, https:\/\/www.delamode-baltics.com\/wp-content\/uploads\/Straipsniu-virseliai_Delamode-1-18x12.png 18w\" sizes=\"auto, (max-width: 640px) 100vw, 640px\" \/>                        <\/a>\r\n                    \r\n                    <div class=\"naujienos-content\">\r\n                        <h3 class=\"naujienos-title\">Jedyna firma spedycyjna i logistyczna w\u015br\u00f3d litewskich lider\u00f3w transportu<\/h3>\r\n\r\n                        <div class=\"naujienos-excerpt\">\r\n                            Delamode Baltics, jedyna firma spedycyjno-logistyczna w\u015br\u00f3d litewskich lider\u00f3w transportu, znalaz\u0142a si\u0119 w pierwszej dziesi\u0105tce lider\u00f3w litewskiego sektora transportowego opracowanej przez Verslo \u017einios. Jest to znacz\u0105ce wyr\u00f3\u017cnienie, kt\u00f3re pokazuje nasz\u0105...                        <\/div>\r\n\r\n                        <a class=\"val-news-cta val-news-cta--mini\" href=\"https:\/\/www.delamode-baltics.com\/pl\/aktualnosci\/liderzy-transportu-i-logistyki-delamode-baltyka\/\">\r\n                            <span class=\"val-news-cta-text\">CZYTAJ WI\u0118CEJ<\/span>\r\n                            <span class=\"val-news-cta-right\" aria-hidden=\"true\">\r\n                                <img decoding=\"async\" src=\"\/wp-content\/uploads\/Clip-path-group-1.svg\" alt=\"\">\r\n                            <\/span>\r\n                        <\/a>\r\n                    <\/div>\r\n                <\/article>\r\n            \r\n                <\/div>\r\n        \n<\/div>\n\t\t\t\t\t\t<\/div>\n\t\t\t\t<\/div>\n\t\t\t\t\t<\/div>\n\t\t\t\t<\/div>\n\t\t\t\t<\/div>","protected":false},"excerpt":{"rendered":"<p>NAUJIENOS Naujienos Delamode Baltics \u2013 tai svarbiausia informacija apie \u012fmon\u0117s veikl\u0105, paslaugas, projektus, pasiekimus ir aktualijas logistikos bei transporto srityse Lietuvoje ir tarptautin\u0117je rinkoje. \u010cia dalijam\u0117s naujausiais prane\u0161imais, aktualiais m\u016bs\u0173 klientams, partneriams ir visiems, besidomintiems logistikos sektoriumi.<\/p>","protected":false},"author":2,"featured_media":7200,"parent":0,"menu_order":0,"comment_status":"closed","ping_status":"closed","template":"","meta":{"footnotes":""},"class_list":["post-5473","page","type-page","status-publish","has-post-thumbnail","hentry"],"blocksy_meta":[],"yoast_head":"<!-- This site is optimized with the Yoast SEO plugin v26.4 - https:\/\/yoast.com\/wordpress\/plugins\/seo\/ -->\n<title>Naujienos - Delamode Baltics | \u012emon\u0117s aktualijos, paslaugos, pasiekimai ir prane\u0161imai<\/title>\n<meta name=\"description\" content=\"Svarbiausios \u201eDelamode Baltics\u201c naujienos - \u012fmon\u0117s aktualijos, paslaugos, pasiekimai ir svarb\u016bs prane\u0161imai logistikos bei transporto srityse.\" \/>\n<meta name=\"robots\" content=\"index, follow, max-snippet:-1, max-image-preview:large, max-video-preview:-1\" \/>\n<link rel=\"canonical\" href=\"https:\/\/www.delamode-baltics.com\/pl\/delamode-news\/\" \/>\n<meta property=\"og:locale\" content=\"pl_PL\" \/>\n<meta property=\"og:type\" content=\"article\" \/>\n<meta property=\"og:title\" content=\"Naujienos - Delamode Baltics | \u012emon\u0117s aktualijos, paslaugos, pasiekimai ir prane\u0161imai\" \/>\n<meta property=\"og:description\" content=\"Svarbiausios \u201eDelamode Baltics\u201c naujienos - \u012fmon\u0117s aktualijos, paslaugos, pasiekimai ir svarb\u016bs prane\u0161imai logistikos bei transporto srityse.\" \/>\n<meta property=\"og:url\" content=\"https:\/\/www.delamode-baltics.com\/pl\/delamode-news\/\" \/>\n<meta property=\"og:site_name\" content=\"Delamode Baltics\" \/>\n<meta property=\"article:modified_time\" content=\"2026-01-06T12:15:17+00:00\" \/>\n<meta property=\"og:image\" content=\"https:\/\/www.delamode-baltics.com\/wp-content\/uploads\/ai-generated-image-1765184905648.png\" \/>\n\t<meta property=\"og:image:width\" content=\"1344\" \/>\n\t<meta property=\"og:image:height\" content=\"768\" \/>\n\t<meta property=\"og:image:type\" content=\"image\/png\" \/>\n<meta name=\"twitter:card\" content=\"summary_large_image\" \/>\n<meta name=\"twitter:label1\" content=\"Szacowany czas czytania\" \/>\n\t<meta name=\"twitter:data1\" content=\"1 minuta\" \/>\n<script type=\"application\/ld+json\" class=\"yoast-schema-graph\">{\"@context\":\"https:\/\/schema.org\",\"@graph\":[{\"@type\":\"WebPage\",\"@id\":\"https:\/\/www.delamode-baltics.com\/delamode-naujienos\/\",\"url\":\"https:\/\/www.delamode-baltics.com\/delamode-naujienos\/\",\"name\":\"Naujienos - Delamode Baltics | \u012emon\u0117s aktualijos, paslaugos, pasiekimai ir prane\u0161imai\",\"isPartOf\":{\"@id\":\"https:\/\/www.delamode-baltics.com\/lt\/#website\"},\"primaryImageOfPage\":{\"@id\":\"https:\/\/www.delamode-baltics.com\/delamode-naujienos\/#primaryimage\"},\"image\":{\"@id\":\"https:\/\/www.delamode-baltics.com\/delamode-naujienos\/#primaryimage\"},\"thumbnailUrl\":\"https:\/\/www.delamode-baltics.com\/wp-content\/uploads\/ai-generated-image-1765184905648.png\",\"datePublished\":\"2025-10-16T10:58:56+00:00\",\"dateModified\":\"2026-01-06T12:15:17+00:00\",\"description\":\"Svarbiausios \u201eDelamode Baltics\u201c naujienos - \u012fmon\u0117s aktualijos, paslaugos, pasiekimai ir svarb\u016bs prane\u0161imai logistikos bei transporto srityse.\",\"breadcrumb\":{\"@id\":\"https:\/\/www.delamode-baltics.com\/delamode-naujienos\/#breadcrumb\"},\"inLanguage\":\"pl-PL\",\"potentialAction\":[{\"@type\":\"ReadAction\",\"target\":[\"https:\/\/www.delamode-baltics.com\/delamode-naujienos\/\"]}]},{\"@type\":\"ImageObject\",\"inLanguage\":\"pl-PL\",\"@id\":\"https:\/\/www.delamode-baltics.com\/delamode-naujienos\/#primaryimage\",\"url\":\"https:\/\/www.delamode-baltics.com\/wp-content\/uploads\/ai-generated-image-1765184905648.png\",\"contentUrl\":\"https:\/\/www.delamode-baltics.com\/wp-content\/uploads\/ai-generated-image-1765184905648.png\",\"width\":1344,\"height\":768,\"caption\":\"Delamode Baltics ekspedijavimo ir transportavimo lyderis Baltijos \u0161alyse teikia keli\u0173, oro, j\u016bros ir gele\u017einkelio perve\u017eimo paslaugas\"},{\"@type\":\"BreadcrumbList\",\"@id\":\"https:\/\/www.delamode-baltics.com\/delamode-naujienos\/#breadcrumb\",\"itemListElement\":[{\"@type\":\"ListItem\",\"position\":1,\"name\":\"Home\",\"item\":\"https:\/\/www.delamode-baltics.com\/\"},{\"@type\":\"ListItem\",\"position\":2,\"name\":\"Naujienos\"}]},{\"@type\":\"WebSite\",\"@id\":\"https:\/\/www.delamode-baltics.com\/lt\/#website\",\"url\":\"https:\/\/www.delamode-baltics.com\/lt\/\",\"name\":\"Delamode Baltics\",\"description\":\"Delamode Baltics\",\"publisher\":{\"@id\":\"https:\/\/www.delamode-baltics.com\/lt\/#organization\"},\"potentialAction\":[{\"@type\":\"SearchAction\",\"target\":{\"@type\":\"EntryPoint\",\"urlTemplate\":\"https:\/\/www.delamode-baltics.com\/lt\/?s={search_term_string}\"},\"query-input\":{\"@type\":\"PropertyValueSpecification\",\"valueRequired\":true,\"valueName\":\"search_term_string\"}}],\"inLanguage\":\"pl-PL\"},{\"@type\":\"Organization\",\"@id\":\"https:\/\/www.delamode-baltics.com\/lt\/#organization\",\"name\":\"Delamode Baltics\",\"url\":\"https:\/\/www.delamode-baltics.com\/lt\/\",\"logo\":{\"@type\":\"ImageObject\",\"inLanguage\":\"pl-PL\",\"@id\":\"https:\/\/www.delamode-baltics.com\/lt\/#\/schema\/logo\/image\/\",\"url\":\"https:\/\/www.delamode-baltics.com\/wp-content\/uploads\/Untitled-design-15.png\",\"contentUrl\":\"https:\/\/www.delamode-baltics.com\/wp-content\/uploads\/Untitled-design-15.png\",\"width\":395,\"height\":112,\"caption\":\"Delamode Baltics\"},\"image\":{\"@id\":\"https:\/\/www.delamode-baltics.com\/lt\/#\/schema\/logo\/image\/\"}}]}<\/script>\n<!-- \/ Yoast SEO plugin. -->","yoast_head_json":{"title":"Aktualno\u015bci - Delamode Baltics | Aktualno\u015bci firmowe, us\u0142ugi, osi\u0105gni\u0119cia i og\u0142oszenia","description":"Delamode Baltics informuje o nowo\u015bciach, us\u0142ugach, osi\u0105gni\u0119ciach i wa\u017cnych og\u0142oszeniach firmy w sektorze logistyki i transportu.","robots":{"index":"index","follow":"follow","max-snippet":"max-snippet:-1","max-image-preview":"max-image-preview:large","max-video-preview":"max-video-preview:-1"},"canonical":"https:\/\/www.delamode-baltics.com\/pl\/delamode-news\/","og_locale":"pl_PL","og_type":"article","og_title":"Naujienos - Delamode Baltics | \u012emon\u0117s aktualijos, paslaugos, pasiekimai ir prane\u0161imai","og_description":"Svarbiausios \u201eDelamode Baltics\u201c naujienos - \u012fmon\u0117s aktualijos, paslaugos, pasiekimai ir svarb\u016bs prane\u0161imai logistikos bei transporto srityse.","og_url":"https:\/\/www.delamode-baltics.com\/pl\/delamode-news\/","og_site_name":"Delamode Baltics","article_modified_time":"2026-01-06T12:15:17+00:00","og_image":[{"width":1344,"height":768,"url":"https:\/\/www.delamode-baltics.com\/wp-content\/uploads\/ai-generated-image-1765184905648.png","type":"image\/png"}],"twitter_card":"summary_large_image","twitter_misc":{"Szacowany czas czytania":"1 minuta"},"schema":{"@context":"https:\/\/schema.org","@graph":[{"@type":"WebPage","@id":"https:\/\/www.delamode-baltics.com\/delamode-naujienos\/","url":"https:\/\/www.delamode-baltics.com\/delamode-naujienos\/","name":"Aktualno\u015bci - Delamode Baltics | Aktualno\u015bci firmowe, us\u0142ugi, osi\u0105gni\u0119cia i og\u0142oszenia","isPartOf":{"@id":"https:\/\/www.delamode-baltics.com\/lt\/#website"},"primaryImageOfPage":{"@id":"https:\/\/www.delamode-baltics.com\/delamode-naujienos\/#primaryimage"},"image":{"@id":"https:\/\/www.delamode-baltics.com\/delamode-naujienos\/#primaryimage"},"thumbnailUrl":"https:\/\/www.delamode-baltics.com\/wp-content\/uploads\/ai-generated-image-1765184905648.png","datePublished":"2025-10-16T10:58:56+00:00","dateModified":"2026-01-06T12:15:17+00:00","description":"Delamode Baltics informuje o nowo\u015bciach, us\u0142ugach, osi\u0105gni\u0119ciach i wa\u017cnych og\u0142oszeniach firmy w sektorze logistyki i transportu.","breadcrumb":{"@id":"https:\/\/www.delamode-baltics.com\/delamode-naujienos\/#breadcrumb"},"inLanguage":"pl-PL","potentialAction":[{"@type":"ReadAction","target":["https:\/\/www.delamode-baltics.com\/delamode-naujienos\/"]}]},{"@type":"ImageObject","inLanguage":"pl-PL","@id":"https:\/\/www.delamode-baltics.com\/delamode-naujienos\/#primaryimage","url":"https:\/\/www.delamode-baltics.com\/wp-content\/uploads\/ai-generated-image-1765184905648.png","contentUrl":"https:\/\/www.delamode-baltics.com\/wp-content\/uploads\/ai-generated-image-1765184905648.png","width":1344,"height":768,"caption":"Delamode Baltics ekspedijavimo ir transportavimo lyderis Baltijos \u0161alyse teikia keli\u0173, oro, j\u016bros ir gele\u017einkelio perve\u017eimo paslaugas"},{"@type":"BreadcrumbList","@id":"https:\/\/www.delamode-baltics.com\/delamode-naujienos\/#breadcrumb","itemListElement":[{"@type":"ListItem","position":1,"name":"Home","item":"https:\/\/www.delamode-baltics.com\/"},{"@type":"ListItem","position":2,"name":"Naujienos"}]},{"@type":"WebSite","@id":"https:\/\/www.delamode-baltics.com\/lt\/#website","url":"https:\/\/www.delamode-baltics.com\/lt\/","name":"Delamode Baltics","description":"Delamode Baltics","publisher":{"@id":"https:\/\/www.delamode-baltics.com\/lt\/#organization"},"potentialAction":[{"@type":"SearchAction","target":{"@type":"EntryPoint","urlTemplate":"https:\/\/www.delamode-baltics.com\/lt\/?s={search_term_string}"},"query-input":{"@type":"PropertyValueSpecification","valueRequired":true,"valueName":"search_term_string"}}],"inLanguage":"pl-PL"},{"@type":"Organization","@id":"https:\/\/www.delamode-baltics.com\/lt\/#organization","name":"Delamode Baltics","url":"https:\/\/www.delamode-baltics.com\/lt\/","logo":{"@type":"ImageObject","inLanguage":"pl-PL","@id":"https:\/\/www.delamode-baltics.com\/lt\/#\/schema\/logo\/image\/","url":"https:\/\/www.delamode-baltics.com\/wp-content\/uploads\/Untitled-design-15.png","contentUrl":"https:\/\/www.delamode-baltics.com\/wp-content\/uploads\/Untitled-design-15.png","width":395,"height":112,"caption":"Delamode Baltics"},"image":{"@id":"https:\/\/www.delamode-baltics.com\/lt\/#\/schema\/logo\/image\/"}}]}},"_links":{"self":[{"href":"https:\/\/www.delamode-baltics.com\/pl\/wp-json\/wp\/v2\/pages\/5473","targetHints":{"allow":["GET"]}}],"collection":[{"href":"https:\/\/www.delamode-baltics.com\/pl\/wp-json\/wp\/v2\/pages"}],"about":[{"href":"https:\/\/www.delamode-baltics.com\/pl\/wp-json\/wp\/v2\/types\/page"}],"author":[{"embeddable":true,"href":"https:\/\/www.delamode-baltics.com\/pl\/wp-json\/wp\/v2\/users\/2"}],"replies":[{"embeddable":true,"href":"https:\/\/www.delamode-baltics.com\/pl\/wp-json\/wp\/v2\/comments?post=5473"}],"version-history":[{"count":56,"href":"https:\/\/www.delamode-baltics.com\/pl\/wp-json\/wp\/v2\/pages\/5473\/revisions"}],"predecessor-version":[{"id":7273,"href":"https:\/\/www.delamode-baltics.com\/pl\/wp-json\/wp\/v2\/pages\/5473\/revisions\/7273"}],"wp:featuredmedia":[{"embeddable":true,"href":"https:\/\/www.delamode-baltics.com\/pl\/wp-json\/wp\/v2\/media\/7200"}],"wp:attachment":[{"href":"https:\/\/www.delamode-baltics.com\/pl\/wp-json\/wp\/v2\/media?parent=5473"}],"curies":[{"name":"wp","href":"https:\/\/api.w.org\/{rel}","templated":true}]}}