{"id":5834,"date":"2025-11-19T15:17:43","date_gmt":"2025-11-19T13:17:43","guid":{"rendered":"https:\/\/www.delamode-baltics.com\/?page_id=5834"},"modified":"2026-01-16T13:37:26","modified_gmt":"2026-01-16T11:37:26","slug":"informacja-o-poufnosci","status":"publish","type":"page","link":"https:\/\/www.delamode-baltics.com\/pl\/informacja-o-poufnosci\/","title":{"rendered":"Powiadomienie o poufno\u015bci"},"content":{"rendered":"<div data-elementor-type=\"wp-page\" data-elementor-id=\"5834\" class=\"elementor elementor-5834\" data-elementor-post-type=\"page\">\n\t\t\t\t<div class=\"elementor-element elementor-element-d7c6f47 e-flex e-con-boxed e-con e-parent\" data-id=\"d7c6f47\" data-element_type=\"container\">\n\t\t\t\t\t<div class=\"e-con-inner\">\n\t\t\t\t<div class=\"elementor-element elementor-element-005b10d elementor-widget elementor-widget-text-editor\" data-id=\"005b10d\" data-element_type=\"widget\" data-widget_type=\"text-editor.default\">\n\t\t\t\t<div class=\"elementor-widget-container\">\n\t\t\t\t\t\t\t\t\t<h1>Powiadomienie o poufno\u015bci<\/h1>\t\t\t\t\t\t\t\t<\/div>\n\t\t\t\t<\/div>\n\t\t\t\t\t<\/div>\n\t\t\t\t<\/div>\n\t\t<div class=\"elementor-element elementor-element-4577f16 e-flex e-con-boxed e-con e-parent\" data-id=\"4577f16\" data-element_type=\"container\">\n\t\t\t\t\t<div class=\"e-con-inner\">\n\t\t\t\t<div class=\"elementor-element elementor-element-6ff0d24 elementor-widget elementor-widget-text-editor\" data-id=\"6ff0d24\" data-element_type=\"widget\" data-widget_type=\"text-editor.default\">\n\t\t\t\t<div class=\"elementor-widget-container\">\n\t\t\t\t\t\t\t\t\t<p>Niniejsza wiadomo\u015b\u0107 e-mail, w tym wszystkie \u0142\u0105cza i za\u0142\u0105czniki, jest skierowana wy\u0142\u0105cznie do wskazanych odbiorc\u00f3w. Informacje zawarte w niniejszym dokumencie mog\u0105 by\u0107 poufne, prywatne lub prawnie chronione i mog\u0105 by\u0107 udost\u0119pniane na podstawie um\u00f3w lub innych wi\u0105\u017c\u0105cych porozumie\u0144. Jakiekolwiek wykorzystywanie, ujawnianie, kopiowanie, powielanie lub rozpowszechnianie tych informacji przez osoby inne ni\u017c zamierzeni odbiorcy jest surowo zabronione i mo\u017ce by\u0107 niezgodne z prawem. Je\u015bli otrzyma\u0142e\u015b t\u0119 wiadomo\u015b\u0107 e-mail przez pomy\u0142k\u0119, nie u\u017cywaj ani nie uzyskuj dost\u0119pu do jej tre\u015bci, natychmiast poinformuj nadawc\u0119, odpowiadaj\u0105c na t\u0119 wiadomo\u015b\u0107 e-mail i usu\u0144 j\u0105 wraz z za\u0142\u0105cznikami ze wszystkich system\u00f3w przechowywania danych.<\/p>\t\t\t\t\t\t\t\t<\/div>\n\t\t\t\t<\/div>\n\t\t\t\t\t<\/div>\n\t\t\t\t<\/div>\n\t\t\t\t<\/div>","protected":false},"excerpt":{"rendered":"<p>Konfidencialumo prane\u0161imas \u0160is el. lai\u0161kas, \u012fskaitant visas nuorodas ir priedus, yra skirtas tik nurodytam (-iems) gav\u0117jui (-ams). Jame pateikta informacija gali b\u016bti konfidenciali, privati arba teisi\u0161kai saugoma ir gali b\u016bti parengta pagal sutartinius ar kitus privalomus susitarimus. Bet koks \u0161ios informacijos naudojimas, atskleidimas, kopijavimas, atk\u016brimas ar platinimas asmen\u0173, kurie n\u0117ra numatyti gav\u0117jai, yra grie\u017etai draud\u017eiamas [&hellip;]<\/p>","protected":false},"author":2,"featured_media":0,"parent":0,"menu_order":0,"comment_status":"closed","ping_status":"closed","template":"","meta":{"footnotes":""},"class_list":["post-5834","page","type-page","status-publish","hentry"],"blocksy_meta":[],"yoast_head":"<!-- This site is optimized with the Yoast SEO plugin v26.4 - https:\/\/yoast.com\/wordpress\/plugins\/seo\/ -->\n<title>Konfidencialumo prane\u0161imas - Delamode Baltics<\/title>\n<meta name=\"description\" content=\"\u201eDelamode Baltics\u201c konfidencialumo prane\u0161imas. Informacija apie el. lai\u0161k\u0173 konfidencialum\u0105, duomen\u0173 naudojimo ribojimus ir gav\u0117jo atsakomyb\u0119.\" \/>\n<meta name=\"robots\" content=\"index, follow, max-snippet:-1, max-image-preview:large, max-video-preview:-1\" \/>\n<link rel=\"canonical\" href=\"https:\/\/www.delamode-baltics.com\/pl\/informacja-o-poufnosci\/\" \/>\n<meta property=\"og:locale\" content=\"pl_PL\" \/>\n<meta property=\"og:type\" content=\"article\" \/>\n<meta property=\"og:title\" content=\"Konfidencialumo prane\u0161imas - Delamode Baltics\" \/>\n<meta property=\"og:description\" content=\"\u201eDelamode Baltics\u201c konfidencialumo prane\u0161imas. Informacija apie el. lai\u0161k\u0173 konfidencialum\u0105, duomen\u0173 naudojimo ribojimus ir gav\u0117jo atsakomyb\u0119.\" \/>\n<meta property=\"og:url\" content=\"https:\/\/www.delamode-baltics.com\/pl\/informacja-o-poufnosci\/\" \/>\n<meta property=\"og:site_name\" content=\"Delamode Baltics\" \/>\n<meta property=\"article:modified_time\" content=\"2026-01-16T11:37:26+00:00\" \/>\n<meta name=\"twitter:card\" content=\"summary_large_image\" \/>\n<meta name=\"twitter:label1\" content=\"Szacowany czas czytania\" \/>\n\t<meta name=\"twitter:data1\" content=\"1 minuta\" \/>\n<script type=\"application\/ld+json\" class=\"yoast-schema-graph\">{\"@context\":\"https:\/\/schema.org\",\"@graph\":[{\"@type\":\"WebPage\",\"@id\":\"https:\/\/www.delamode-baltics.com\/confidentiality-notice\/\",\"url\":\"https:\/\/www.delamode-baltics.com\/confidentiality-notice\/\",\"name\":\"Konfidencialumo prane\u0161imas - Delamode Baltics\",\"isPartOf\":{\"@id\":\"https:\/\/www.delamode-baltics.com\/lt\/#website\"},\"datePublished\":\"2025-11-19T13:17:43+00:00\",\"dateModified\":\"2026-01-16T11:37:26+00:00\",\"description\":\"\u201eDelamode Baltics\u201c konfidencialumo prane\u0161imas. Informacija apie el. lai\u0161k\u0173 konfidencialum\u0105, duomen\u0173 naudojimo ribojimus ir gav\u0117jo atsakomyb\u0119.\",\"breadcrumb\":{\"@id\":\"https:\/\/www.delamode-baltics.com\/confidentiality-notice\/#breadcrumb\"},\"inLanguage\":\"pl-PL\",\"potentialAction\":[{\"@type\":\"ReadAction\",\"target\":[\"https:\/\/www.delamode-baltics.com\/confidentiality-notice\/\"]}]},{\"@type\":\"BreadcrumbList\",\"@id\":\"https:\/\/www.delamode-baltics.com\/confidentiality-notice\/#breadcrumb\",\"itemListElement\":[{\"@type\":\"ListItem\",\"position\":1,\"name\":\"Home\",\"item\":\"https:\/\/www.delamode-baltics.com\/\"},{\"@type\":\"ListItem\",\"position\":2,\"name\":\"Konfidencialumo prane\u0161imas\"}]},{\"@type\":\"WebSite\",\"@id\":\"https:\/\/www.delamode-baltics.com\/lt\/#website\",\"url\":\"https:\/\/www.delamode-baltics.com\/lt\/\",\"name\":\"Delamode Baltics\",\"description\":\"Delamode Baltics\",\"publisher\":{\"@id\":\"https:\/\/www.delamode-baltics.com\/lt\/#organization\"},\"potentialAction\":[{\"@type\":\"SearchAction\",\"target\":{\"@type\":\"EntryPoint\",\"urlTemplate\":\"https:\/\/www.delamode-baltics.com\/lt\/?s={search_term_string}\"},\"query-input\":{\"@type\":\"PropertyValueSpecification\",\"valueRequired\":true,\"valueName\":\"search_term_string\"}}],\"inLanguage\":\"pl-PL\"},{\"@type\":\"Organization\",\"@id\":\"https:\/\/www.delamode-baltics.com\/lt\/#organization\",\"name\":\"Delamode Baltics\",\"url\":\"https:\/\/www.delamode-baltics.com\/lt\/\",\"logo\":{\"@type\":\"ImageObject\",\"inLanguage\":\"pl-PL\",\"@id\":\"https:\/\/www.delamode-baltics.com\/lt\/#\/schema\/logo\/image\/\",\"url\":\"https:\/\/www.delamode-baltics.com\/wp-content\/uploads\/Untitled-design-15.png\",\"contentUrl\":\"https:\/\/www.delamode-baltics.com\/wp-content\/uploads\/Untitled-design-15.png\",\"width\":395,\"height\":112,\"caption\":\"Delamode Baltics\"},\"image\":{\"@id\":\"https:\/\/www.delamode-baltics.com\/lt\/#\/schema\/logo\/image\/\"}}]}<\/script>\n<!-- \/ Yoast SEO plugin. -->","yoast_head_json":{"title":"Informacja o ochronie prywatno\u015bci - Delamode Baltics","description":"\u201eInformacja o ochronie prywatno\u015bci Delamode Baltics. Informacje o poufno\u015bci wiadomo\u015bci e-mail, ograniczeniach w korzystaniu z danych i odpowiedzialno\u015bci odbiorcy.","robots":{"index":"index","follow":"follow","max-snippet":"max-snippet:-1","max-image-preview":"max-image-preview:large","max-video-preview":"max-video-preview:-1"},"canonical":"https:\/\/www.delamode-baltics.com\/pl\/informacja-o-poufnosci\/","og_locale":"pl_PL","og_type":"article","og_title":"Konfidencialumo prane\u0161imas - Delamode Baltics","og_description":"\u201eDelamode Baltics\u201c konfidencialumo prane\u0161imas. Informacija apie el. lai\u0161k\u0173 konfidencialum\u0105, duomen\u0173 naudojimo ribojimus ir gav\u0117jo atsakomyb\u0119.","og_url":"https:\/\/www.delamode-baltics.com\/pl\/informacja-o-poufnosci\/","og_site_name":"Delamode Baltics","article_modified_time":"2026-01-16T11:37:26+00:00","twitter_card":"summary_large_image","twitter_misc":{"Szacowany czas czytania":"1 minuta"},"schema":{"@context":"https:\/\/schema.org","@graph":[{"@type":"WebPage","@id":"https:\/\/www.delamode-baltics.com\/confidentiality-notice\/","url":"https:\/\/www.delamode-baltics.com\/confidentiality-notice\/","name":"Informacja o ochronie prywatno\u015bci - Delamode Baltics","isPartOf":{"@id":"https:\/\/www.delamode-baltics.com\/lt\/#website"},"datePublished":"2025-11-19T13:17:43+00:00","dateModified":"2026-01-16T11:37:26+00:00","description":"\u201eInformacja o ochronie prywatno\u015bci Delamode Baltics. Informacje o poufno\u015bci wiadomo\u015bci e-mail, ograniczeniach w korzystaniu z danych i odpowiedzialno\u015bci odbiorcy.","breadcrumb":{"@id":"https:\/\/www.delamode-baltics.com\/confidentiality-notice\/#breadcrumb"},"inLanguage":"pl-PL","potentialAction":[{"@type":"ReadAction","target":["https:\/\/www.delamode-baltics.com\/confidentiality-notice\/"]}]},{"@type":"BreadcrumbList","@id":"https:\/\/www.delamode-baltics.com\/confidentiality-notice\/#breadcrumb","itemListElement":[{"@type":"ListItem","position":1,"name":"Home","item":"https:\/\/www.delamode-baltics.com\/"},{"@type":"ListItem","position":2,"name":"Konfidencialumo prane\u0161imas"}]},{"@type":"WebSite","@id":"https:\/\/www.delamode-baltics.com\/lt\/#website","url":"https:\/\/www.delamode-baltics.com\/lt\/","name":"Delamode Baltics","description":"Delamode Baltics","publisher":{"@id":"https:\/\/www.delamode-baltics.com\/lt\/#organization"},"potentialAction":[{"@type":"SearchAction","target":{"@type":"EntryPoint","urlTemplate":"https:\/\/www.delamode-baltics.com\/lt\/?s={search_term_string}"},"query-input":{"@type":"PropertyValueSpecification","valueRequired":true,"valueName":"search_term_string"}}],"inLanguage":"pl-PL"},{"@type":"Organization","@id":"https:\/\/www.delamode-baltics.com\/lt\/#organization","name":"Delamode Baltics","url":"https:\/\/www.delamode-baltics.com\/lt\/","logo":{"@type":"ImageObject","inLanguage":"pl-PL","@id":"https:\/\/www.delamode-baltics.com\/lt\/#\/schema\/logo\/image\/","url":"https:\/\/www.delamode-baltics.com\/wp-content\/uploads\/Untitled-design-15.png","contentUrl":"https:\/\/www.delamode-baltics.com\/wp-content\/uploads\/Untitled-design-15.png","width":395,"height":112,"caption":"Delamode Baltics"},"image":{"@id":"https:\/\/www.delamode-baltics.com\/lt\/#\/schema\/logo\/image\/"}}]}},"_links":{"self":[{"href":"https:\/\/www.delamode-baltics.com\/pl\/wp-json\/wp\/v2\/pages\/5834","targetHints":{"allow":["GET"]}}],"collection":[{"href":"https:\/\/www.delamode-baltics.com\/pl\/wp-json\/wp\/v2\/pages"}],"about":[{"href":"https:\/\/www.delamode-baltics.com\/pl\/wp-json\/wp\/v2\/types\/page"}],"author":[{"embeddable":true,"href":"https:\/\/www.delamode-baltics.com\/pl\/wp-json\/wp\/v2\/users\/2"}],"replies":[{"embeddable":true,"href":"https:\/\/www.delamode-baltics.com\/pl\/wp-json\/wp\/v2\/comments?post=5834"}],"version-history":[{"count":14,"href":"https:\/\/www.delamode-baltics.com\/pl\/wp-json\/wp\/v2\/pages\/5834\/revisions"}],"predecessor-version":[{"id":6167,"href":"https:\/\/www.delamode-baltics.com\/pl\/wp-json\/wp\/v2\/pages\/5834\/revisions\/6167"}],"wp:attachment":[{"href":"https:\/\/www.delamode-baltics.com\/pl\/wp-json\/wp\/v2\/media?parent=5834"}],"curies":[{"name":"wp","href":"https:\/\/api.w.org\/{rel}","templated":true}]}}